{"id":154,"date":"2021-11-05T04:48:26","date_gmt":"2021-11-05T04:48:26","guid":{"rendered":"https:\/\/landivar.com\/?page_id=154"},"modified":"2024-10-24T15:09:46","modified_gmt":"2024-10-24T15:09:46","slug":"asesoramiento-legal-financiero","status":"publish","type":"page","link":"https:\/\/landivar.com\/en_us\/asesoramiento-legal-financiero\/","title":{"rendered":"Financial Legal Advisory"},"content":{"rendered":"<p>[et_pb_section fb_built=\u00bb1&#8243; _builder_version=\u00bb4.16&#8243; _module_preset=\u00bbdefault\u00bb min_height=\u00bb255.2px\u00bb custom_margin=\u00bb||2px|||\u00bb global_colors_info=\u00bb{}\u00bb][et_pb_row _builder_version=\u00bb4.16&#8243; _module_preset=\u00bbdefault\u00bb width=\u00bb100%\u00bb max_width=\u00bb100%\u00bb custom_margin=\u00bb1px||||false|false\u00bb custom_margin_tablet=\u00bb\u00bb custom_margin_phone=\u00bb2px||||false|false\u00bb custom_margin_last_edited=\u00bbon|desktop\u00bb global_colors_info=\u00bb{}\u00bb][et_pb_column type=\u00bb4_4&#8243; _builder_version=\u00bb4.16&#8243; _module_preset=\u00bbdefault\u00bb global_colors_info=\u00bb{}\u00bb][et_pb_image src=\u00bbhttps:\/\/landivar.com\/wp-content\/uploads\/2021\/11\/banners3.jpg\u00bb title_text=\u00bbbanners3&#8243; _builder_version=\u00bb4.16&#8243; _module_preset=\u00bbdefault\u00bb custom_margin=\u00bb-84px||||false|false\u00bb global_colors_info=\u00bb{}\u00bb][\/et_pb_image][et_pb_text _builder_version=\u00bb4.16&#8243; _module_preset=\u00bbdefault\u00bb text_text_color=\u00bb#FFFFFF\u00bb text_font_size=\u00bb70px\u00bb custom_margin=\u00bb-186px|||68px|false|false\u00bb custom_margin_tablet=\u00bb-126px|||41px|false|false\u00bb custom_margin_phone=\u00bb-85px|||17px|false|false\u00bb custom_margin_last_edited=\u00bbon|desktop\u00bb custom_padding=\u00bb0px||0px||false|false\u00bb text_font_size_tablet=\u00bb57px\u00bb text_font_size_phone=\u00bb28px\u00bb text_font_size_last_edited=\u00bbon|phone\u00bb inline_fonts=\u00bbBodoni Moda\u00bb global_colors_info=\u00bb{}\u00bb]<\/p>\n<p><span style=\"font-family: 'Bodoni Moda';\">Financial Legal Advisory<\/span><\/p>\n<p>[\/et_pb_text][\/et_pb_column][\/et_pb_row][et_pb_row _builder_version=\u00bb4.16&#8243; _module_preset=\u00bbdefault\u00bb global_colors_info=\u00bb{}\u00bb][et_pb_column type=\u00bb4_4&#8243; _builder_version=\u00bb4.16&#8243; _module_preset=\u00bbdefault\u00bb global_colors_info=\u00bb{}\u00bb][\/et_pb_column][\/et_pb_row][\/et_pb_section][et_pb_section fb_built=\u00bb1&#8243; _builder_version=\u00bb4.16&#8243; _module_preset=\u00bbdefault\u00bb global_colors_info=\u00bb{}\u00bb][et_pb_row _builder_version=\u00bb4.24.0&#8243; _module_preset=\u00bbdefault\u00bb global_colors_info=\u00bb{}\u00bb][et_pb_column type=\u00bb4_4&#8243; _builder_version=\u00bb4.24.0&#8243; _module_preset=\u00bbdefault\u00bb global_colors_info=\u00bb{}\u00bb][et_pb_text _builder_version=\u00bb4.24.0&#8243; _module_preset=\u00bbdefault\u00bb global_colors_info=\u00bb{}\u00bb]<\/p>\n<p>We offer financial legal advisory services designed to ensure the growth and stability of your business. We focus on providing customized solutions that adapt to the specific needs of each client, ensuring a comprehensive and strategic approach at every stage of your business development. Trust us to be your trusted legal partner in Bolivia.<\/p>\n<p>[\/et_pb_text][\/et_pb_column][\/et_pb_row][et_pb_row _builder_version=\u00bb4.24.0&#8243; _module_preset=\u00bbdefault\u00bb global_colors_info=\u00bb{}\u00bb][et_pb_column type=\u00bb4_4&#8243; _builder_version=\u00bb4.24.0&#8243; _module_preset=\u00bbdefault\u00bb global_colors_info=\u00bb{}\u00bb][et_pb_divider _builder_version=\u00bb4.24.0&#8243; _module_preset=\u00bbdefault\u00bb global_colors_info=\u00bb{}\u00bb][\/et_pb_divider][\/et_pb_column][\/et_pb_row][et_pb_row _builder_version=\u00bb4.24.0&#8243; _module_preset=\u00bbdefault\u00bb custom_padding=\u00bb14px|||||\u00bb global_colors_info=\u00bb{}\u00bb][et_pb_column type=\u00bb4_4&#8243; _builder_version=\u00bb4.24.0&#8243; _module_preset=\u00bbdefault\u00bb global_colors_info=\u00bb{}\u00bb][et_pb_text _builder_version=\u00bb4.24.0&#8243; _module_preset=\u00bbdefault\u00bb global_colors_info=\u00bb{}\u00bb]<\/p>\n<h2 style=\"text-align: center;\"><strong>Our Services<\/strong><\/h2>\n<p>[\/et_pb_text][\/et_pb_column][\/et_pb_row][et_pb_row column_structure=\u00bb1_2,1_2&#8243; _builder_version=\u00bb4.24.0&#8243; _module_preset=\u00bbdefault\u00bb global_colors_info=\u00bb{}\u00bb custom_padding=\u00bb||0px|||\u00bb][et_pb_column type=\u00bb1_2&#8243; _builder_version=\u00bb4.24.0&#8243; _module_preset=\u00bbdefault\u00bb global_colors_info=\u00bb{}\u00bb][et_pb_gallery _builder_version=\u00bb4.24.0&#8243; _module_preset=\u00bbdefault\u00bb gallery_ids=\u00bb53135&#8243; fullwidth=\u00bbon\u00bb transform_scale=\u00bb78%|78%\u00bb transform_translate=\u00bb-9px|-81px\u00bb hover_enabled=\u00bb0&#8243; sticky_enabled=\u00bb0&#8243;][\/et_pb_gallery][\/et_pb_column][et_pb_column type=\u00bb1_2&#8243; _builder_version=\u00bb4.24.0&#8243; _module_preset=\u00bbdefault\u00bb global_colors_info=\u00bb{}\u00bb][et_pb_text _builder_version=\u00bb4.24.0&#8243; _module_preset=\u00bbdefault\u00bb background_image=\u00bbhttps:\/\/landivar.com\/wp-content\/uploads\/2024\/07\/Fondo-jpg.webp\u00bb global_colors_info=\u00bb{}\u00bb]<\/p>\n<h2 style=\"text-align: center;\"><\/h2>\n<h2 style=\"text-align: center;\"><span style=\"color: #ffffff;\">Audits<\/span><\/h2>\n<p>&nbsp;<\/p>\n<p>[\/et_pb_text][et_pb_text _builder_version=\u00bb4.24.0&#8243; _module_preset=\u00bbdefault\u00bb global_colors_info=\u00bb{}\u00bb]<\/p>\n<p><span>Audits are a fundamental tool for the businessman at the moment of measuring the fulfillment of his objectives. Their main benefits are the optimization of the company's operation, saving money, preventing and mitigating risks, verifying compliance with standards, avoiding fines and penalties. We advise you on:<\/span><\/p>\n<ul>\n<li>Administrative Audits.<\/li>\n<li>Intellectual Property Audits.<\/li>\n<li>Auditorias Legales.<\/li>\n<li>Auditorias Financieras.<\/li>\n<\/ul>\n<p>[\/et_pb_text][\/et_pb_column][\/et_pb_row][et_pb_row _builder_version=\u00bb4.24.0&#8243; _module_preset=\u00bbdefault\u00bb global_colors_info=\u00bb{}\u00bb][et_pb_column type=\u00bb4_4&#8243; _builder_version=\u00bb4.24.0&#8243; _module_preset=\u00bbdefault\u00bb global_colors_info=\u00bb{}\u00bb][et_pb_divider _builder_version=\u00bb4.24.0&#8243; _module_preset=\u00bbdefault\u00bb global_colors_info=\u00bb{}\u00bb][\/et_pb_divider][\/et_pb_column][\/et_pb_row][et_pb_row _builder_version=\u00bb4.24.0&#8243; _module_preset=\u00bbdefault\u00bb global_colors_info=\u00bb{}\u00bb][et_pb_column type=\u00bb4_4&#8243; _builder_version=\u00bb4.24.0&#8243; _module_preset=\u00bbdefault\u00bb global_colors_info=\u00bb{}\u00bb][et_pb_text _builder_version=\u00bb4.24.0&#8243; _module_preset=\u00bbdefault\u00bb global_colors_info=\u00bb{}\u00bb]<\/p>\n<h2 style=\"text-align: center;\"><strong>Other Services<\/strong><\/h2>\n<p>[\/et_pb_text][\/et_pb_column][\/et_pb_row][et_pb_row column_structure=\u00bb1_3,1_3,1_3&#8243; _builder_version=\u00bb4.24.0&#8243; _module_preset=\u00bbdefault\u00bb global_colors_info=\u00bb{}\u00bb][et_pb_column type=\u00bb1_3&#8243; _builder_version=\u00bb4.24.0&#8243; _module_preset=\u00bbdefault\u00bb global_colors_info=\u00bb{}\u00bb][et_pb_text _builder_version=\u00bb4.24.0&#8243; _module_preset=\u00bbdefault\u00bb background_image=\u00bbhttps:\/\/landivar.com\/wp-content\/uploads\/2024\/07\/5.png\u00bb global_colors_info=\u00bb{}\u00bb]<\/p>\n<h4 style=\"text-align: center;\"><span style=\"color: #ffffff;\"><strong><\/strong><\/span><\/h4>\n<h4 style=\"text-align: center;\"><span style=\"color: #ffffff;\"><strong><\/strong><\/span><\/h4>\n<h4 style=\"text-align: center;\"><span style=\"color: #ffffff;\"><strong>Labor and Social Security<\/strong><\/span><\/h4>\n<p>&nbsp;<\/p>\n<p>[\/et_pb_text][et_pb_text _builder_version=\u00bb4.24.0&#8243; _module_preset=\u00bbdefault\u00bb global_colors_info=\u00bb{}\u00bb]<\/p>\n<p style=\"text-align: left;\">Our firm has a team of experts that will help you solve any labor problem<span>.<\/span><\/p>\n<p style=\"text-align: left;\"><span><\/span><\/p>\n<p style=\"text-align: left;\"><span>We advise you on:<\/span><\/p>\n<ul>\n<li>\n<p>Defense in labor proceedings.<\/p>\n<\/li>\n<li>\n<p>Labor contracts.<\/p>\n<\/li>\n<li>\n<p>Social Security.<\/p>\n<\/li>\n<li>\n<p>Affiliations and Disaffiliations<\/p>\n<\/li>\n<\/ul>\n<p>[\/et_pb_text][\/et_pb_column][et_pb_column type=\u00bb1_3&#8243; _builder_version=\u00bb4.24.0&#8243; _module_preset=\u00bbdefault\u00bb global_colors_info=\u00bb{}\u00bb][et_pb_text _builder_version=\u00bb4.24.0&#8243; _module_preset=\u00bbdefault\u00bb background_image=\u00bbhttps:\/\/landivar.com\/wp-content\/uploads\/2024\/07\/5.png\u00bb global_colors_info=\u00bb{}\u00bb]<\/p>\n<h4 style=\"text-align: center;\"><span style=\"color: #ffffff;\"><strong><\/strong><\/span><\/h4>\n<p><span style=\"color: #ffffff;\"><strong><\/strong><\/span><\/p>\n<h4 style=\"text-align: center;\"><span style=\"color: #ffffff;\"><strong>Conciliation and Arbitration<\/strong><\/span><\/h4>\n<p><span style=\"color: #ffffff;\"><strong><\/strong><\/span><\/p>\n<p><span style=\"color: #ffffff;\"><strong><\/strong><\/span><\/p>\n<p>[\/et_pb_text][et_pb_text _builder_version=\u00bb4.24.0&#8243; _module_preset=\u00bbdefault\u00bb global_colors_info=\u00bb{}\u00bb]<\/p>\n<div style=\"text-align: left;\">\n<p><span style=\"font-size: 16px;\">In a country with a collapsed judicial system, arbitration and conciliation are the most appropriate way to resolve disputes, always looking after the client's economic interests and objectives.\u00a0 <\/span><span style=\"font-size: 16px;\">We advise you on: <\/span><\/p>\n<ul>\n<li>Judicial and Extra Judicial Conciliation.<\/li>\n<li>Recognition and Enforcement of Arbitration Awards.<\/li>\n<li>Advice and Representation.<\/li>\n<li><span style=\"font-size: 16px;\"><span>Negotiation<\/span>.<\/span><\/li>\n<\/ul>\n<\/div>\n<ul><\/ul>\n<p>[\/et_pb_text][\/et_pb_column][et_pb_column type=\u00bb1_3&#8243; _builder_version=\u00bb4.24.0&#8243; _module_preset=\u00bbdefault\u00bb global_colors_info=\u00bb{}\u00bb][et_pb_text _builder_version=\u00bb4.24.0&#8243; _module_preset=\u00bbdefault\u00bb background_image=\u00bbhttps:\/\/landivar.com\/wp-content\/uploads\/2024\/07\/5.png\u00bb global_colors_info=\u00bb{}\u00bb]<\/p>\n<h4 style=\"text-align: center;\"><\/h4>\n<h4 style=\"text-align: center;\"><span style=\"color: #ffffff;\"><\/span><\/h4>\n<h4 style=\"text-align: center;\"><strong><span style=\"color: #ffffff;\">Civil Legal<\/span><\/strong><\/h4>\n<p>&nbsp;<\/p>\n<p>[\/et_pb_text][et_pb_text _builder_version=\u00bb4.24.0&#8243; _module_preset=\u00bbdefault\u00bb global_colors_info=\u00bb{}\u00bb]<\/p>\n<div style=\"text-align: left;\">\n<p>Part of private law focuses on regulating the main civil relationships of individuals: family relationships, property and other rights in rem, obligations and contracts, and inheritance.<\/p>\n<p>We advise you on:<\/p>\n<\/div>\n<ul>\n<li>Executive and Coercive Proceedings.<\/li>\n<li>Contracts.<\/li>\n<li>Conciliations.<\/li>\n<li><span>Debt Collection<\/span><\/li>\n<\/ul>\n<p>[\/et_pb_text][\/et_pb_column][\/et_pb_row][et_pb_row column_structure=\u00bb1_2,1_2&#8243; _builder_version=\u00bb4.24.0&#8243; _module_preset=\u00bbdefault\u00bb global_colors_info=\u00bb{}\u00bb][et_pb_column type=\u00bb1_2&#8243; _builder_version=\u00bb4.24.0&#8243; _module_preset=\u00bbdefault\u00bb global_colors_info=\u00bb{}\u00bb][et_pb_text _builder_version=\u00bb4.24.0&#8243; _module_preset=\u00bbdefault\u00bb background_image=\u00bbhttps:\/\/landivar.com\/wp-content\/uploads\/2024\/07\/5.png\u00bb global_colors_info=\u00bb{}\u00bb]<\/p>\n<h4 style=\"text-align: center;\"><span style=\"color: #ffffff;\"><strong><\/strong><\/span><\/h4>\n<h4 style=\"text-align: center;\"><span style=\"color: #ffffff;\"><strong><\/strong><\/span><\/h4>\n<h4 style=\"text-align: center;\"><span style=\"color: #ffffff;\"><strong>Migratory<\/strong><\/span><\/h4>\n<p>&nbsp;<\/p>\n<p>[\/et_pb_text][et_pb_text _builder_version=\u00bb4.24.0&#8243; _module_preset=\u00bbdefault\u00bb global_colors_info=\u00bb{}\u00bb]<\/p>\n<p style=\"text-align: left;\"><span>Our objective is to assist people in exercising their right to enter, stay or stay and exit as foreign citizens in national territory. We also assist in the departure, migration and return of national citizens.\u00a0<\/span><\/p>\n<p style=\"text-align: left;\"><span>We advise you on:<\/span><\/p>\n<ul>\n<li>\n<p>Visas of Determined Purpose.<\/p>\n<\/li>\n<li>\n<p><span style=\"font-size: 16px;\">Temporary and Indefinite Residences.<\/span><\/p>\n<\/li>\n<li>\n<p><span style=\"font-size: 16px;\">Migratory Processes.\u00a0<\/span><\/p>\n<\/li>\n<li>\n<p><span style=\"font-size: 16px;\">Immigration advice and management.\u00a0<\/span><\/p>\n<\/li>\n<\/ul>\n<p>[\/et_pb_text][\/et_pb_column][et_pb_column type=\u00bb1_2&#8243; _builder_version=\u00bb4.24.0&#8243; _module_preset=\u00bbdefault\u00bb global_colors_info=\u00bb{}\u00bb][et_pb_text _builder_version=\u00bb4.24.0&#8243; _module_preset=\u00bbdefault\u00bb background_image=\u00bbhttps:\/\/landivar.com\/wp-content\/uploads\/2024\/07\/5.png\u00bb global_colors_info=\u00bb{}\u00bb]<\/p>\n<h4 style=\"text-align: center;\"><span style=\"color: #ffffff;\"><strong><\/strong><\/span><\/h4>\n<p><span style=\"color: #ffffff;\"><strong><\/strong><\/span><\/p>\n<h4 style=\"text-align: center;\"><span style=\"color: #ffffff;\"><strong>Administrative Law<\/strong><\/span><\/h4>\n<p><span style=\"color: #ffffff;\"><strong><\/strong><\/span><\/p>\n<p><span style=\"color: #ffffff;\"><strong><\/strong><\/span><\/p>\n<p>[\/et_pb_text][et_pb_text _builder_version=\u00bb4.24.0&#8243; _module_preset=\u00bbdefault\u00bb global_colors_info=\u00bb{}\u00bb]<\/p>\n<div style=\"text-align: left;\">\n<div style=\"text-align: left;\">\n<p><span>We understand that, in order to meet the objectives set, the client must know the legal and practical bases of public entities to be able to develop its activities efficiently, so having the right advice can be a significant saving of resources. <\/span><\/p>\n<p><span>We advise you on:<\/span><\/p>\n<\/div>\n<ul>\n<li>\n<p>Appeal for Revocation.<\/p>\n<\/li>\n<li>\n<p>Hierarchical Appeal.<\/p>\n<\/li>\n<li>\n<p>Administrative Litigation.<\/p>\n<\/li>\n<li>\n<p>Advice on Bids.<\/p>\n<\/li>\n<li>\n<p><span>Administrative Audits.<\/span><\/p>\n<\/li>\n<li>\n<p>Administrative processes in general.<\/p>\n<\/li>\n<\/ul>\n<\/div>\n<ul><\/ul>\n<p>[\/et_pb_text][\/et_pb_column][\/et_pb_row][\/et_pb_section]<\/p>","protected":false},"excerpt":{"rendered":"<p>Legal Financiero y OtrosOfrecemos servicios de asesor\u00eda legal financiera dise\u00f1ados para asegurar el crecimiento y la estabilidad de tu empresa. Nos enfocamos en brindar soluciones personalizadas que se adaptan a las necesidades espec\u00edficas de cada cliente, garantizando un enfoque integral y estrat\u00e9gico en cada etapa de tu desarrollo empresarial. Conf\u00eda en nosotros para ser tu [&hellip;]<\/p>","protected":false},"author":3,"featured_media":0,"parent":0,"menu_order":0,"comment_status":"closed","ping_status":"closed","template":"","meta":{"_et_pb_use_builder":"on","_et_pb_old_content":"<!-- wp:divi\/placeholder \/-->","_et_gb_content_width":"","footnotes":""},"class_list":["post-154","page","type-page","status-publish","hentry"],"yoast_head":"<!-- This site is optimized with the Yoast SEO plugin v23.6 - https:\/\/yoast.com\/wordpress\/plugins\/seo\/ -->\n<title>Asesoramiento Legal Financiero y Otros - Landivar &amp; Landivar<\/title>\n<meta name=\"description\" content=\"segura el crecimiento y estabilidad de tu empresa con nuestra asesor\u00eda legal en Bolivia.\" \/>\n<meta name=\"robots\" content=\"index, follow, max-snippet:-1, max-image-preview:large, max-video-preview:-1\" \/>\n<link rel=\"canonical\" href=\"https:\/\/landivar.com\/en_us\/asesoramiento-legal-financiero\/\" \/>\n<meta property=\"og:locale\" content=\"en_US\" \/>\n<meta property=\"og:type\" content=\"article\" \/>\n<meta property=\"og:title\" content=\"Asesoramiento Legal Financiero y Otros - Landivar &amp; Landivar\" \/>\n<meta property=\"og:description\" content=\"segura el crecimiento y estabilidad de tu empresa con nuestra asesor\u00eda legal en Bolivia.\" \/>\n<meta property=\"og:url\" content=\"https:\/\/landivar.com\/en_us\/asesoramiento-legal-financiero\/\" \/>\n<meta property=\"og:site_name\" content=\"Landivar &amp; Landivar\" \/>\n<meta property=\"article:publisher\" content=\"https:\/\/www.facebook.com\/landivarylandivar\" \/>\n<meta property=\"article:modified_time\" content=\"2024-10-24T15:09:46+00:00\" \/>\n<meta name=\"twitter:card\" content=\"summary_large_image\" \/>\n<meta name=\"twitter:site\" content=\"@landivarbolivia\" \/>\n<meta name=\"twitter:label1\" content=\"Est. reading time\" \/>\n\t<meta name=\"twitter:data1\" content=\"3 minutes\" \/>\n<script type=\"application\/ld+json\" class=\"yoast-schema-graph\">{\"@context\":\"https:\/\/schema.org\",\"@graph\":[{\"@type\":\"WebPage\",\"@id\":\"https:\/\/landivar.com\/asesoramiento-legal-financiero\/\",\"url\":\"https:\/\/landivar.com\/asesoramiento-legal-financiero\/\",\"name\":\"Asesoramiento Legal Financiero y Otros - Landivar &amp; Landivar\",\"isPartOf\":{\"@id\":\"https:\/\/landivar.com\/#website\"},\"datePublished\":\"2021-11-05T04:48:26+00:00\",\"dateModified\":\"2024-10-24T15:09:46+00:00\",\"description\":\"segura el crecimiento y estabilidad de tu empresa con nuestra asesor\u00eda legal en Bolivia.\",\"breadcrumb\":{\"@id\":\"https:\/\/landivar.com\/asesoramiento-legal-financiero\/#breadcrumb\"},\"inLanguage\":\"en-US\",\"potentialAction\":[{\"@type\":\"ReadAction\",\"target\":[\"https:\/\/landivar.com\/asesoramiento-legal-financiero\/\"]}]},{\"@type\":\"BreadcrumbList\",\"@id\":\"https:\/\/landivar.com\/asesoramiento-legal-financiero\/#breadcrumb\",\"itemListElement\":[{\"@type\":\"ListItem\",\"position\":1,\"name\":\"Portada\",\"item\":\"https:\/\/landivar.com\/\"},{\"@type\":\"ListItem\",\"position\":2,\"name\":\"Asesoramiento Legal Financiero y Otros\"}]},{\"@type\":\"WebSite\",\"@id\":\"https:\/\/landivar.com\/#website\",\"url\":\"https:\/\/landivar.com\/\",\"name\":\"Landivar & Landivar\",\"description\":\"Especialistas en Propiedad Intelectual\",\"publisher\":{\"@id\":\"https:\/\/landivar.com\/#organization\"},\"potentialAction\":[{\"@type\":\"SearchAction\",\"target\":{\"@type\":\"EntryPoint\",\"urlTemplate\":\"https:\/\/landivar.com\/?s={search_term_string}\"},\"query-input\":{\"@type\":\"PropertyValueSpecification\",\"valueRequired\":true,\"valueName\":\"search_term_string\"}}],\"inLanguage\":\"en-US\"},{\"@type\":\"Organization\",\"@id\":\"https:\/\/landivar.com\/#organization\",\"name\":\"Landivar & Landivar\",\"url\":\"https:\/\/landivar.com\/\",\"logo\":{\"@type\":\"ImageObject\",\"inLanguage\":\"en-US\",\"@id\":\"https:\/\/landivar.com\/#\/schema\/logo\/image\/\",\"url\":\"https:\/\/landivar.com\/wp-content\/uploads\/2024\/05\/229591489_4148599255254709_3636868293465010255_n.jpg\",\"contentUrl\":\"https:\/\/landivar.com\/wp-content\/uploads\/2024\/05\/229591489_4148599255254709_3636868293465010255_n.jpg\",\"width\":729,\"height\":726,\"caption\":\"Landivar & Landivar\"},\"image\":{\"@id\":\"https:\/\/landivar.com\/#\/schema\/logo\/image\/\"},\"sameAs\":[\"https:\/\/www.facebook.com\/landivarylandivar\",\"https:\/\/x.com\/landivarbolivia\",\"https:\/\/www.linkedin.com\/company\/74479672\/admin\/feed\/posts\/\"]}]}<\/script>\n<!-- \/ Yoast SEO plugin. -->","yoast_head_json":{"title":"Asesoramiento Legal Financiero y Otros - Landivar &amp; Landivar","description":"segura el crecimiento y estabilidad de tu empresa con nuestra asesor\u00eda legal en Bolivia.","robots":{"index":"index","follow":"follow","max-snippet":"max-snippet:-1","max-image-preview":"max-image-preview:large","max-video-preview":"max-video-preview:-1"},"canonical":"https:\/\/landivar.com\/en_us\/asesoramiento-legal-financiero\/","og_locale":"en_US","og_type":"article","og_title":"Asesoramiento Legal Financiero y Otros - Landivar &amp; Landivar","og_description":"segura el crecimiento y estabilidad de tu empresa con nuestra asesor\u00eda legal en Bolivia.","og_url":"https:\/\/landivar.com\/en_us\/asesoramiento-legal-financiero\/","og_site_name":"Landivar &amp; Landivar","article_publisher":"https:\/\/www.facebook.com\/landivarylandivar","article_modified_time":"2024-10-24T15:09:46+00:00","twitter_card":"summary_large_image","twitter_site":"@landivarbolivia","twitter_misc":{"Est. reading time":"3 minutes"},"schema":{"@context":"https:\/\/schema.org","@graph":[{"@type":"WebPage","@id":"https:\/\/landivar.com\/asesoramiento-legal-financiero\/","url":"https:\/\/landivar.com\/asesoramiento-legal-financiero\/","name":"Asesoramiento Legal Financiero y Otros - Landivar &amp; Landivar","isPartOf":{"@id":"https:\/\/landivar.com\/#website"},"datePublished":"2021-11-05T04:48:26+00:00","dateModified":"2024-10-24T15:09:46+00:00","description":"segura el crecimiento y estabilidad de tu empresa con nuestra asesor\u00eda legal en Bolivia.","breadcrumb":{"@id":"https:\/\/landivar.com\/asesoramiento-legal-financiero\/#breadcrumb"},"inLanguage":"en-US","potentialAction":[{"@type":"ReadAction","target":["https:\/\/landivar.com\/asesoramiento-legal-financiero\/"]}]},{"@type":"BreadcrumbList","@id":"https:\/\/landivar.com\/asesoramiento-legal-financiero\/#breadcrumb","itemListElement":[{"@type":"ListItem","position":1,"name":"Portada","item":"https:\/\/landivar.com\/"},{"@type":"ListItem","position":2,"name":"Asesoramiento Legal Financiero y Otros"}]},{"@type":"WebSite","@id":"https:\/\/landivar.com\/#website","url":"https:\/\/landivar.com\/","name":"Landivar & Landivar","description":"Especialistas en Propiedad Intelectual","publisher":{"@id":"https:\/\/landivar.com\/#organization"},"potentialAction":[{"@type":"SearchAction","target":{"@type":"EntryPoint","urlTemplate":"https:\/\/landivar.com\/?s={search_term_string}"},"query-input":{"@type":"PropertyValueSpecification","valueRequired":true,"valueName":"search_term_string"}}],"inLanguage":"en-US"},{"@type":"Organization","@id":"https:\/\/landivar.com\/#organization","name":"Landivar & Landivar","url":"https:\/\/landivar.com\/","logo":{"@type":"ImageObject","inLanguage":"en-US","@id":"https:\/\/landivar.com\/#\/schema\/logo\/image\/","url":"https:\/\/landivar.com\/wp-content\/uploads\/2024\/05\/229591489_4148599255254709_3636868293465010255_n.jpg","contentUrl":"https:\/\/landivar.com\/wp-content\/uploads\/2024\/05\/229591489_4148599255254709_3636868293465010255_n.jpg","width":729,"height":726,"caption":"Landivar & Landivar"},"image":{"@id":"https:\/\/landivar.com\/#\/schema\/logo\/image\/"},"sameAs":["https:\/\/www.facebook.com\/landivarylandivar","https:\/\/x.com\/landivarbolivia","https:\/\/www.linkedin.com\/company\/74479672\/admin\/feed\/posts\/"]}]}},"_links":{"self":[{"href":"https:\/\/landivar.com\/en_us\/wp-json\/wp\/v2\/pages\/154","targetHints":{"allow":["GET"]}}],"collection":[{"href":"https:\/\/landivar.com\/en_us\/wp-json\/wp\/v2\/pages"}],"about":[{"href":"https:\/\/landivar.com\/en_us\/wp-json\/wp\/v2\/types\/page"}],"author":[{"embeddable":true,"href":"https:\/\/landivar.com\/en_us\/wp-json\/wp\/v2\/users\/3"}],"replies":[{"embeddable":true,"href":"https:\/\/landivar.com\/en_us\/wp-json\/wp\/v2\/comments?post=154"}],"version-history":[{"count":18,"href":"https:\/\/landivar.com\/en_us\/wp-json\/wp\/v2\/pages\/154\/revisions"}],"predecessor-version":[{"id":53136,"href":"https:\/\/landivar.com\/en_us\/wp-json\/wp\/v2\/pages\/154\/revisions\/53136"}],"wp:attachment":[{"href":"https:\/\/landivar.com\/en_us\/wp-json\/wp\/v2\/media?parent=154"}],"curies":[{"name":"wp","href":"https:\/\/api.w.org\/{rel}","templated":true}]}}