{"id":167,"date":"2021-11-10T06:04:56","date_gmt":"2021-11-10T06:04:56","guid":{"rendered":"https:\/\/landivar.com\/?page_id=167"},"modified":"2024-04-25T19:37:21","modified_gmt":"2024-04-25T19:37:21","slug":"nuestra-historia","status":"publish","type":"page","link":"https:\/\/landivar.com\/en_us\/nuestra-historia\/","title":{"rendered":"Our History"},"content":{"rendered":"<p>[et_pb_section fb_built=\u00bb1&#8243; _builder_version=\u00bb4.16&#8243; _module_preset=\u00bbdefault\u00bb custom_padding=\u00bb||0px|||\u00bb global_colors_info=\u00bb{}\u00bb][et_pb_row _builder_version=\u00bb4.16&#8243; _module_preset=\u00bbdefault\u00bb width=\u00bb100%\u00bb max_width=\u00bb100%\u00bb custom_margin=\u00bb1px||||false|false\u00bb custom_margin_tablet=\u00bb\u00bb custom_margin_phone=\u00bb2px||||false|false\u00bb custom_margin_last_edited=\u00bbon|desktop\u00bb global_colors_info=\u00bb{}\u00bb][et_pb_column type=\u00bb4_4&#8243; _builder_version=\u00bb4.16&#8243; _module_preset=\u00bbdefault\u00bb global_colors_info=\u00bb{}\u00bb][et_pb_image src=\u00bbhttps:\/\/landivar.com\/wp-content\/uploads\/2024\/04\/Landivar_Nuestra-historia.jpg\u00bb title_text=\u00bbLandivar_Nuestra historia\u00bb _builder_version=\u00bb4.24.0&#8243; _module_preset=\u00bbdefault\u00bb custom_margin=\u00bb-84px||||false|false\u00bb hover_enabled=\u00bb0&#8243; global_colors_info=\u00bb{}\u00bb sticky_enabled=\u00bb0&#8243;][\/et_pb_image][et_pb_text _builder_version=\u00bb4.16&#8243; _module_preset=\u00bbdefault\u00bb text_text_color=\u00bb#FFFFFF\u00bb text_font_size=\u00bb70px\u00bb custom_margin=\u00bb-186px|||68px|false|false\u00bb custom_margin_tablet=\u00bb-126px|||41px|false|false\u00bb custom_margin_phone=\u00bb-85px|||17px|false|false\u00bb custom_margin_last_edited=\u00bbon|desktop\u00bb custom_padding=\u00bb0px||0px||false|false\u00bb text_font_size_tablet=\u00bb57px\u00bb text_font_size_phone=\u00bb28px\u00bb text_font_size_last_edited=\u00bbon|phone\u00bb inline_fonts=\u00bbBodoni Moda\u00bb global_colors_info=\u00bb{}\u00bb]<\/p>\n<p><span style=\"font-family: 'Bodoni Moda';\">Our History<\/span><\/p>\n<p>[\/et_pb_text][\/et_pb_column][\/et_pb_row][et_pb_row _builder_version=\u00bb4.16&#8243; _module_preset=\u00bbdefault\u00bb global_colors_info=\u00bb{}\u00bb][et_pb_column type=\u00bb4_4&#8243; _builder_version=\u00bb4.16&#8243; _module_preset=\u00bbdefault\u00bb global_colors_info=\u00bb{}\u00bb][\/et_pb_column][\/et_pb_row][\/et_pb_section][et_pb_section fb_built=\u00bb1&#8243; specialty=\u00bbon\u00bb _builder_version=\u00bb4.16&#8243; _module_preset=\u00bbdefault\u00bb global_colors_info=\u00bb{}\u00bb][et_pb_column type=\u00bb1_2&#8243; specialty_columns=\u00bb2&#8243; _builder_version=\u00bb4.16&#8243; custom_padding=\u00bb|||\u00bb global_colors_info=\u00bb{}\u00bb custom_padding__hover=\u00bb|||\u00bb][et_pb_row_inner _builder_version=\u00bb4.16&#8243; _module_preset=\u00bbdefault\u00bb global_colors_info=\u00bb{}\u00bb][et_pb_column_inner saved_specialty_column_type=\u00bb1_2&#8243; _builder_version=\u00bb4.16&#8243; _module_preset=\u00bbdefault\u00bb global_colors_info=\u00bb{}\u00bb][et_pb_text _builder_version=\u00bb4.16&#8243; text_font=\u00bb||||||||\u00bb text_font_size=\u00bb16px\u00bb text_line_height=\u00bb2em\u00bb max_width=\u00bb500px\u00bb animation_style=\u00bbfold\u00bb animation_direction=\u00bbright\u00bb global_colors_info=\u00bb{}\u00bb]<\/p>\n<p style=\"text-align: justify;\"><span>Established by Gast\u00f3n Land\u00edvar Iturricha in 1961, LAND\u00cdVAR &amp; LAND\u00cdVAR is a pioneer in the field of Intellectual Property in Bolivia. Our international reputation has been earned through outstanding legal service in our area of specialization, in addition to <\/span><span>a professional team that is excellent in every respect.<\/span>.<\/p>\n<p style=\"text-align: justify;\">Our firm has grown into a Chain of Corporate Legal Services and Integral Counseling, with the objective of guiding national and international entrepreneurs and business-people towards the success of their activities.<\/p>\n<p style=\"text-align: justify;\">Land\u00edvar &amp; Land\u00edvar focuses on personalized service for each of its respective clients, constantly modernizing to maintain a dynamic and organized information system, which allows faster and more effective responses in this new modern world.<\/p>\n<p>[\/et_pb_text][\/et_pb_column_inner][\/et_pb_row_inner][\/et_pb_column][et_pb_column type=\u00bb1_2&#8243; _builder_version=\u00bb4.16&#8243; custom_padding=\u00bb|||\u00bb global_colors_info=\u00bb{}\u00bb custom_padding__hover=\u00bb|||\u00bb][et_pb_image src=\u00bbhttps:\/\/landivar.com\/wp-content\/uploads\/2024\/04\/Gaston-Landivar_-Landivar.jpg\u00bb title_text=\u00bbGast\u00f3n Landivar_ Landivar\u00bb _builder_version=\u00bb4.24.0&#8243; _module_preset=\u00bbdefault\u00bb width=\u00bb87%\u00bb module_alignment=\u00bbcenter\u00bb animation_style=\u00bbflip\u00bb animation_direction=\u00bbright\u00bb hover_enabled=\u00bb0&#8243; border_width_all=\u00bb7px\u00bb border_color_all=\u00bb#FFFFFF\u00bb box_shadow_style=\u00bbpreset1&#8243; global_colors_info=\u00bb{}\u00bb sticky_enabled=\u00bb0&#8243;][\/et_pb_image][\/et_pb_column][\/et_pb_section][et_pb_section fb_built=\u00bb1&#8243; _builder_version=\u00bb4.16&#8243; _module_preset=\u00bbdefault\u00bb global_colors_info=\u00bb{}\u00bb][et_pb_row _builder_version=\u00bb4.16&#8243; _module_preset=\u00bbdefault\u00bb global_colors_info=\u00bb{}\u00bb][et_pb_column type=\u00bb4_4&#8243; _builder_version=\u00bb4.16&#8243; _module_preset=\u00bbdefault\u00bb global_colors_info=\u00bb{}\u00bb][et_pb_button button_url=\u00bbhttps:\/\/landivar.com\/contactanos\/\u00bb button_text=\u00bbCont\u00e1ctanos\u00bb _builder_version=\u00bb4.16&#8243; _module_preset=\u00bbdefault\u00bb custom_button=\u00bbon\u00bb button_text_color=\u00bb#FFFFFF\u00bb button_bg_color=\u00bb#192641&#8243; button_border_radius=\u00bb40px\u00bb positioning=\u00bbfixed\u00bb position_origin_f=\u00bbbottom_right\u00bb vertical_offset=\u00bb32px\u00bb horizontal_offset=\u00bb32px\u00bb z_index=\u00bb42&#8243; global_colors_info=\u00bb{}\u00bb][\/et_pb_button][\/et_pb_column][\/et_pb_row][\/et_pb_section]<\/p>","protected":false},"excerpt":{"rendered":"<p>Nuestra HistoriaEstablecida por Gast\u00f3n Land\u00edvar Iturricha en 1961, LAND\u00cdVAR &amp; LAND\u00cdVAR es una firma pionera en el campo de la Propiedad Intelectual en Bolivia. Nuestra buena reputaci\u00f3n internacional fue ganada a trav\u00e9s de un servicio legal muy destacado en nuestra \u00e1rea de especializaci\u00f3n, adem\u00e1s de un equipo profesional excelente en todo sentido. Nuestra firma ha [&hellip;]<\/p>","protected":false},"author":1,"featured_media":0,"parent":0,"menu_order":0,"comment_status":"closed","ping_status":"closed","template":"","meta":{"_et_pb_use_builder":"on","_et_pb_old_content":"<!-- wp:divi\/placeholder \/-->","_et_gb_content_width":"","footnotes":""},"class_list":["post-167","page","type-page","status-publish","hentry"],"yoast_head":"<!-- This site is optimized with the Yoast SEO plugin v23.6 - https:\/\/yoast.com\/wordpress\/plugins\/seo\/ -->\n<title>Nuestra Historia - Landivar &amp; Landivar<\/title>\n<meta name=\"robots\" content=\"index, follow, max-snippet:-1, max-image-preview:large, max-video-preview:-1\" \/>\n<link rel=\"canonical\" href=\"https:\/\/landivar.com\/en_us\/nuestra-historia\/\" \/>\n<meta property=\"og:locale\" content=\"en_US\" \/>\n<meta property=\"og:type\" content=\"article\" \/>\n<meta property=\"og:title\" content=\"Nuestra Historia - Landivar &amp; Landivar\" \/>\n<meta property=\"og:description\" content=\"Nuestra HistoriaEstablecida por Gast\u00f3n Land\u00edvar Iturricha en 1961, LAND\u00cdVAR &amp; LAND\u00cdVAR es una firma pionera en el campo de la Propiedad Intelectual en Bolivia. Nuestra buena reputaci\u00f3n internacional fue ganada a trav\u00e9s de un servicio legal muy destacado en nuestra \u00e1rea de especializaci\u00f3n, adem\u00e1s de un equipo profesional excelente en todo sentido. Nuestra firma ha [&hellip;]\" \/>\n<meta property=\"og:url\" content=\"https:\/\/landivar.com\/en_us\/nuestra-historia\/\" \/>\n<meta property=\"og:site_name\" content=\"Landivar &amp; Landivar\" \/>\n<meta property=\"article:publisher\" content=\"https:\/\/www.facebook.com\/landivarylandivar\" \/>\n<meta property=\"article:modified_time\" content=\"2024-04-25T19:37:21+00:00\" \/>\n<meta name=\"twitter:card\" content=\"summary_large_image\" \/>\n<meta name=\"twitter:site\" content=\"@landivarbolivia\" \/>\n<meta name=\"twitter:label1\" content=\"Est. reading time\" \/>\n\t<meta name=\"twitter:data1\" content=\"3 minutes\" \/>\n<script type=\"application\/ld+json\" class=\"yoast-schema-graph\">{\"@context\":\"https:\/\/schema.org\",\"@graph\":[{\"@type\":\"WebPage\",\"@id\":\"https:\/\/landivar.com\/nuestra-historia\/\",\"url\":\"https:\/\/landivar.com\/nuestra-historia\/\",\"name\":\"Nuestra Historia - Landivar &amp; Landivar\",\"isPartOf\":{\"@id\":\"https:\/\/landivar.com\/#website\"},\"datePublished\":\"2021-11-10T06:04:56+00:00\",\"dateModified\":\"2024-04-25T19:37:21+00:00\",\"breadcrumb\":{\"@id\":\"https:\/\/landivar.com\/nuestra-historia\/#breadcrumb\"},\"inLanguage\":\"en-US\",\"potentialAction\":[{\"@type\":\"ReadAction\",\"target\":[\"https:\/\/landivar.com\/nuestra-historia\/\"]}]},{\"@type\":\"BreadcrumbList\",\"@id\":\"https:\/\/landivar.com\/nuestra-historia\/#breadcrumb\",\"itemListElement\":[{\"@type\":\"ListItem\",\"position\":1,\"name\":\"Portada\",\"item\":\"https:\/\/landivar.com\/\"},{\"@type\":\"ListItem\",\"position\":2,\"name\":\"Nuestra Historia\"}]},{\"@type\":\"WebSite\",\"@id\":\"https:\/\/landivar.com\/#website\",\"url\":\"https:\/\/landivar.com\/\",\"name\":\"Landivar & Landivar\",\"description\":\"Especialistas en Propiedad Intelectual\",\"publisher\":{\"@id\":\"https:\/\/landivar.com\/#organization\"},\"potentialAction\":[{\"@type\":\"SearchAction\",\"target\":{\"@type\":\"EntryPoint\",\"urlTemplate\":\"https:\/\/landivar.com\/?s={search_term_string}\"},\"query-input\":{\"@type\":\"PropertyValueSpecification\",\"valueRequired\":true,\"valueName\":\"search_term_string\"}}],\"inLanguage\":\"en-US\"},{\"@type\":\"Organization\",\"@id\":\"https:\/\/landivar.com\/#organization\",\"name\":\"Landivar & Landivar\",\"url\":\"https:\/\/landivar.com\/\",\"logo\":{\"@type\":\"ImageObject\",\"inLanguage\":\"en-US\",\"@id\":\"https:\/\/landivar.com\/#\/schema\/logo\/image\/\",\"url\":\"https:\/\/landivar.com\/wp-content\/uploads\/2024\/05\/229591489_4148599255254709_3636868293465010255_n.jpg\",\"contentUrl\":\"https:\/\/landivar.com\/wp-content\/uploads\/2024\/05\/229591489_4148599255254709_3636868293465010255_n.jpg\",\"width\":729,\"height\":726,\"caption\":\"Landivar & Landivar\"},\"image\":{\"@id\":\"https:\/\/landivar.com\/#\/schema\/logo\/image\/\"},\"sameAs\":[\"https:\/\/www.facebook.com\/landivarylandivar\",\"https:\/\/x.com\/landivarbolivia\",\"https:\/\/www.linkedin.com\/company\/74479672\/admin\/feed\/posts\/\"]}]}<\/script>\n<!-- \/ Yoast SEO plugin. -->","yoast_head_json":{"title":"Nuestra Historia - Landivar &amp; Landivar","robots":{"index":"index","follow":"follow","max-snippet":"max-snippet:-1","max-image-preview":"max-image-preview:large","max-video-preview":"max-video-preview:-1"},"canonical":"https:\/\/landivar.com\/en_us\/nuestra-historia\/","og_locale":"en_US","og_type":"article","og_title":"Nuestra Historia - Landivar &amp; Landivar","og_description":"Nuestra HistoriaEstablecida por Gast\u00f3n Land\u00edvar Iturricha en 1961, LAND\u00cdVAR &amp; LAND\u00cdVAR es una firma pionera en el campo de la Propiedad Intelectual en Bolivia. Nuestra buena reputaci\u00f3n internacional fue ganada a trav\u00e9s de un servicio legal muy destacado en nuestra \u00e1rea de especializaci\u00f3n, adem\u00e1s de un equipo profesional excelente en todo sentido. Nuestra firma ha [&hellip;]","og_url":"https:\/\/landivar.com\/en_us\/nuestra-historia\/","og_site_name":"Landivar &amp; Landivar","article_publisher":"https:\/\/www.facebook.com\/landivarylandivar","article_modified_time":"2024-04-25T19:37:21+00:00","twitter_card":"summary_large_image","twitter_site":"@landivarbolivia","twitter_misc":{"Est. reading time":"3 minutes"},"schema":{"@context":"https:\/\/schema.org","@graph":[{"@type":"WebPage","@id":"https:\/\/landivar.com\/nuestra-historia\/","url":"https:\/\/landivar.com\/nuestra-historia\/","name":"Nuestra Historia - Landivar &amp; Landivar","isPartOf":{"@id":"https:\/\/landivar.com\/#website"},"datePublished":"2021-11-10T06:04:56+00:00","dateModified":"2024-04-25T19:37:21+00:00","breadcrumb":{"@id":"https:\/\/landivar.com\/nuestra-historia\/#breadcrumb"},"inLanguage":"en-US","potentialAction":[{"@type":"ReadAction","target":["https:\/\/landivar.com\/nuestra-historia\/"]}]},{"@type":"BreadcrumbList","@id":"https:\/\/landivar.com\/nuestra-historia\/#breadcrumb","itemListElement":[{"@type":"ListItem","position":1,"name":"Portada","item":"https:\/\/landivar.com\/"},{"@type":"ListItem","position":2,"name":"Nuestra Historia"}]},{"@type":"WebSite","@id":"https:\/\/landivar.com\/#website","url":"https:\/\/landivar.com\/","name":"Landivar & Landivar","description":"Especialistas en Propiedad Intelectual","publisher":{"@id":"https:\/\/landivar.com\/#organization"},"potentialAction":[{"@type":"SearchAction","target":{"@type":"EntryPoint","urlTemplate":"https:\/\/landivar.com\/?s={search_term_string}"},"query-input":{"@type":"PropertyValueSpecification","valueRequired":true,"valueName":"search_term_string"}}],"inLanguage":"en-US"},{"@type":"Organization","@id":"https:\/\/landivar.com\/#organization","name":"Landivar & Landivar","url":"https:\/\/landivar.com\/","logo":{"@type":"ImageObject","inLanguage":"en-US","@id":"https:\/\/landivar.com\/#\/schema\/logo\/image\/","url":"https:\/\/landivar.com\/wp-content\/uploads\/2024\/05\/229591489_4148599255254709_3636868293465010255_n.jpg","contentUrl":"https:\/\/landivar.com\/wp-content\/uploads\/2024\/05\/229591489_4148599255254709_3636868293465010255_n.jpg","width":729,"height":726,"caption":"Landivar & Landivar"},"image":{"@id":"https:\/\/landivar.com\/#\/schema\/logo\/image\/"},"sameAs":["https:\/\/www.facebook.com\/landivarylandivar","https:\/\/x.com\/landivarbolivia","https:\/\/www.linkedin.com\/company\/74479672\/admin\/feed\/posts\/"]}]}},"_links":{"self":[{"href":"https:\/\/landivar.com\/en_us\/wp-json\/wp\/v2\/pages\/167","targetHints":{"allow":["GET"]}}],"collection":[{"href":"https:\/\/landivar.com\/en_us\/wp-json\/wp\/v2\/pages"}],"about":[{"href":"https:\/\/landivar.com\/en_us\/wp-json\/wp\/v2\/types\/page"}],"author":[{"embeddable":true,"href":"https:\/\/landivar.com\/en_us\/wp-json\/wp\/v2\/users\/1"}],"replies":[{"embeddable":true,"href":"https:\/\/landivar.com\/en_us\/wp-json\/wp\/v2\/comments?post=167"}],"version-history":[{"count":14,"href":"https:\/\/landivar.com\/en_us\/wp-json\/wp\/v2\/pages\/167\/revisions"}],"predecessor-version":[{"id":52818,"href":"https:\/\/landivar.com\/en_us\/wp-json\/wp\/v2\/pages\/167\/revisions\/52818"}],"wp:attachment":[{"href":"https:\/\/landivar.com\/en_us\/wp-json\/wp\/v2\/media?parent=167"}],"curies":[{"name":"wp","href":"https:\/\/api.w.org\/{rel}","templated":true}]}}