{"id":699,"date":"2021-11-26T08:00:47","date_gmt":"2021-11-26T08:00:47","guid":{"rendered":"https:\/\/landivar.com\/?page_id=699"},"modified":"2024-07-17T19:03:27","modified_gmt":"2024-07-17T19:03:27","slug":"registra-tu-marca-formulario","status":"publish","type":"page","link":"https:\/\/landivar.com\/en_us\/registra-tu-marca-formulario\/","title":{"rendered":"Registra tu Marca &#8211; Formulario"},"content":{"rendered":"[et_pb_section fb_built=\u00bb1&#8243; _builder_version=\u00bb4.16&#8243; _module_preset=\u00bbdefault\u00bb custom_padding=\u00bb||0px|||\u00bb global_colors_info=\u00bb{}\u00bb][et_pb_row _builder_version=\u00bb4.16&#8243; _module_preset=\u00bbdefault\u00bb width=\u00bb100%\u00bb max_width=\u00bb100%\u00bb custom_margin=\u00bb1px||||false|false\u00bb custom_margin_tablet=\u00bb\u00bb custom_margin_phone=\u00bb2px||||false|false\u00bb custom_margin_last_edited=\u00bbon|desktop\u00bb global_colors_info=\u00bb{}\u00bb][et_pb_column type=\u00bb4_4&#8243; _builder_version=\u00bb4.16&#8243; _module_preset=\u00bbdefault\u00bb global_colors_info=\u00bb{}\u00bb][et_pb_image src=\u00bbhttps:\/\/landivar.com\/wp-content\/uploads\/2021\/11\/1.jpg\u00bb title_text=\u00bb1&#8243; _builder_version=\u00bb4.16&#8243; _module_preset=\u00bbdefault\u00bb custom_margin=\u00bb-84px||||false|false\u00bb global_colors_info=\u00bb{}\u00bb][\/et_pb_image][et_pb_text _builder_version=\u00bb4.16&#8243; _module_preset=\u00bbdefault\u00bb text_text_color=\u00bb#FFFFFF\u00bb text_font_size=\u00bb70px\u00bb custom_margin=\u00bb-186px|||68px|false|false\u00bb custom_margin_tablet=\u00bb-126px|||41px|false|false\u00bb custom_margin_phone=\u00bb-85px|||17px|false|false\u00bb custom_margin_last_edited=\u00bbon|desktop\u00bb custom_padding=\u00bb0px||0px||false|false\u00bb text_font_size_tablet=\u00bb57px\u00bb text_font_size_phone=\u00bb28px\u00bb text_font_size_last_edited=\u00bbon|phone\u00bb inline_fonts=\u00bbBodoni Moda\u00bb global_colors_info=\u00bb{}\u00bb]<p><span style=\"font-family: 'Bodoni Moda';\">Register your Trademark<\/span><\/p>[\/et_pb_text][\/et_pb_column][\/et_pb_row][et_pb_row _builder_version=\u00bb4.16&#8243; _module_preset=\u00bbdefault\u00bb global_colors_info=\u00bb{}\u00bb][et_pb_column type=\u00bb4_4&#8243; _builder_version=\u00bb4.16&#8243; _module_preset=\u00bbdefault\u00bb global_colors_info=\u00bb{}\u00bb][et_pb_text _builder_version=\u00bb4.24.0&#8243; _module_preset=\u00bbdefault\u00bb header_font=\u00bbMontserrat||||||||\u00bb global_colors_info=\u00bb{}\u00bb min_height=\u00bb153.4px\u00bb custom_margin=\u00bb101px|||||\u00bb]<h3 style=\"text-align: left;\"><strong>Protege tu Identidad Comercial<\/strong><\/h3>\n<p>El registro de tu marca es un paso esencial para proteger la identidad de tu negocio y asegurar su \u00e9xito a largo plazo.<\/p>\n<h3><strong>\u00bfPor Qu\u00e9 Registrar tu Marca?<\/strong><\/h3>\n<p>Registrar tu marca te otorga derechos exclusivos sobre su uso, evita la competencia desleal y fortalece tu posici\u00f3n en el mercado. Tambi\u00e9n te protege legalmente contra el uso no autorizado por terceros.<\/p>[\/et_pb_text][\/et_pb_column][\/et_pb_row][et_pb_row column_structure=\u00bb1_2,1_2&#8243; _builder_version=\u00bb4.24.0&#8243; _module_preset=\u00bbdefault\u00bb global_colors_info=\u00bb{}\u00bb][et_pb_column type=\u00bb1_2&#8243; _builder_version=\u00bb4.24.0&#8243; _module_preset=\u00bbdefault\u00bb global_colors_info=\u00bb{}\u00bb][et_pb_text _builder_version=\u00bb4.24.0&#8243; _module_preset=\u00bbdefault\u00bb background_image=\u00bbhttps:\/\/landivar.com\/wp-content\/uploads\/2024\/07\/Fondo-jpg.webp\u00bb custom_padding=\u00bb3px|||||\u00bb global_colors_info=\u00bb{}\u00bb]<h3 style=\"text-align: center;\"><span style=\"color: #ffffff;\"><\/span><\/h3>\n<h3 style=\"text-align: center;\"><span style=\"color: #000000;\"><span style=\"color: #ffffff;\">Qu\u00e9 se necesita para realizar un Registro<\/span><\/span><\/h3>\n<p><span style=\"color: #ffffff;\"><\/span><\/p>[\/et_pb_text][et_pb_text _builder_version=\u00bb4.24.0&#8243; _module_preset=\u00bbdefault\u00bb global_colors_info=\u00bb{}\u00bb]<p><span><\/span><\/p>\n<ol>\n<li><span><strong>Contar con<\/strong>: Nombre, im\u00e1genes, figuras, s\u00edmbolos, gr\u00e1ficos, logotipos, monogramas, emblemas y\/o escudos que representen a la marca.\u00a0<\/span><\/li>\n<li><strong>Agendar<\/strong> una cita en Land\u00edvar &amp;\u00a0 Land\u00edvar<span> para comenzar con la estrategia de tu registro.<\/span><\/li>\n<\/ol>[\/et_pb_text][\/et_pb_column][et_pb_column type=\u00bb1_2&#8243; _builder_version=\u00bb4.24.0&#8243; _module_preset=\u00bbdefault\u00bb global_colors_info=\u00bb{}\u00bb][et_pb_text _builder_version=\u00bb4.24.0&#8243; _module_preset=\u00bbdefault\u00bb background_image=\u00bbhttps:\/\/landivar.com\/wp-content\/uploads\/2024\/07\/Fondo-jpg.webp\u00bb custom_padding=\u00bb3px|||||\u00bb global_colors_info=\u00bb{}\u00bb]<h3 style=\"text-align: center;\"><span style=\"color: #ffffff;\"><\/span><\/h3>\n<h3 style=\"text-align: center;\"><span style=\"color: #ffffff;\">Nuestro Proceso de Registro de Marcas<\/span><\/h3>\n<p><span style=\"color: #ffffff;\"><\/span><\/p>[\/et_pb_text][et_pb_text _builder_version=\u00bb4.24.0&#8243; _module_preset=\u00bbdefault\u00bb global_colors_info=\u00bb{}\u00bb]<ol>\n<li style=\"text-align: justify;\"><strong>Consulta Inicial<\/strong>: Analizamos tu marca y te asesoramos sobre la viabilidad del registro.<\/li>\n<li style=\"text-align: justify;\"><strong>B\u00fasqueda de Anterioridad<\/strong>: Realizamos una b\u00fasqueda exhaustiva para asegurarnos de que tu marca no est\u00e9 en conflicto con marcas ya registradas.<\/li>\n<li style=\"text-align: justify;\"><strong>Preparaci\u00f3n y Presentaci\u00f3n de la Solicitud<\/strong>: Redactamos y presentamos la solicitud de registro ante las autoridades correspondientes.<\/li>\n<li style=\"text-align: justify;\"><strong>Seguimiento y Defensa<\/strong>: Monitoreamos el progreso de tu solicitud y te representamos en caso de oposici\u00f3n o conflictos.<\/li>\n<\/ol>[\/et_pb_text][\/et_pb_column][\/et_pb_row][\/et_pb_section][et_pb_section fb_built=\u00bb1&#8243; _builder_version=\u00bb4.16&#8243; _module_preset=\u00bbdefault\u00bb global_colors_info=\u00bb{}\u00bb][et_pb_row _builder_version=\u00bb4.16&#8243; _module_preset=\u00bbdefault\u00bb global_colors_info=\u00bb{}\u00bb][et_pb_column type=\u00bb4_4&#8243; _builder_version=\u00bb4.16&#8243; _module_preset=\u00bbdefault\u00bb global_colors_info=\u00bb{}\u00bb][et_pb_text disabled_on=\u00bbon|on|on\u00bb _builder_version=\u00bb4.24.0&#8243; text_font=\u00bb||||||||\u00bb text_font_size=\u00bb16px\u00bb text_line_height=\u00bb2em\u00bb max_width=\u00bb1104px\u00bb min_height=\u00bb395px\u00bb custom_margin=\u00bb3px|-377px|||false|false\u00bb custom_margin_tablet=\u00bb82px|1px|||false|false\u00bb custom_margin_phone=\u00bb-12px|0px|||false|false\u00bb custom_margin_last_edited=\u00bbon|desktop\u00bb animation_style=\u00bbfade\u00bb animation_direction=\u00bbleft\u00bb disabled=\u00bbon\u00bb global_colors_info=\u00bb{}\u00bb]<p><span><\/span><\/p>\n<p><span><\/span><\/p>\n<p><span><\/span><\/p>\n<p><span>It provides protection against any attempt to plagiarize or misuse your trademark. By having a registered trademark, you will become the owner of the use and creative value of the trademark. To register a trademark in Bolivia and enjoy the benefits of that registration you must:<\/span><\/p>\n<p><span>\u00a0<\/span><\/p>\n<ol>\n<li><span>Have a: Name, images, figures, symbols, graphics, logos, monograms, emblems and shields. (If you don't have any of them, don't worry. We can help you design the one you need).<\/span><\/li>\n<li>Schedule an appointment in Land\u00edvar &amp; Land\u00edvar<span> to verify that there are no similar trademarks already registered.<\/span><\/li>\n<li><span>Trust Land\u00edvar &amp; Land\u00edvar to take care of:<\/span><\/li>\n<\/ol>\n<p><span>\u00a0<\/span><\/p>\n<ul>\n<li><span>Submit the application to SENAPI.<\/span><\/li>\n<li><span>Monitor the process to obtain the registration.<\/span><\/li>\n<li><span>Provide subsequent advice for renewals, modifications, etc.<\/span><\/li>\n<\/ul>[\/et_pb_text][et_pb_contact_form _builder_version=\u00bb4.16&#8243; _module_preset=\u00bbdefault\u00bb _unique_id=\u00bbd942a10a-18f7-467d-a4fb-5391fc63f5e5&#8243; global_colors_info=\u00bb{}\u00bb][et_pb_contact_field field_id=\u00bbName\u00bb field_title=\u00bbNombre\u00bb _builder_version=\u00bb4.16&#8243; global_colors_info=\u00bb{}\u00bb button_text_size__hover_enabled=\u00bboff\u00bb button_one_text_size__hover_enabled=\u00bboff\u00bb button_two_text_size__hover_enabled=\u00bboff\u00bb button_text_color__hover_enabled=\u00bboff\u00bb button_one_text_color__hover_enabled=\u00bboff\u00bb button_two_text_color__hover_enabled=\u00bboff\u00bb button_border_width__hover_enabled=\u00bboff\u00bb button_one_border_width__hover_enabled=\u00bboff\u00bb button_two_border_width__hover_enabled=\u00bboff\u00bb button_border_color__hover_enabled=\u00bboff\u00bb button_one_border_color__hover_enabled=\u00bboff\u00bb button_two_border_color__hover_enabled=\u00bboff\u00bb button_border_radius__hover_enabled=\u00bboff\u00bb button_one_border_radius__hover_enabled=\u00bboff\u00bb button_two_border_radius__hover_enabled=\u00bboff\u00bb button_letter_spacing__hover_enabled=\u00bboff\u00bb button_one_letter_spacing__hover_enabled=\u00bboff\u00bb button_two_letter_spacing__hover_enabled=\u00bboff\u00bb button_bg_color__hover_enabled=\u00bboff\u00bb button_one_bg_color__hover_enabled=\u00bboff\u00bb button_two_bg_color__hover_enabled=\u00bboff\u00bb][\/et_pb_contact_field][et_pb_contact_field field_id=\u00bbEmail\u00bb field_title=\u00bbDirecci\u00f3n de correo electr\u00f3nico\u00bb field_type=\u00bbemail\u00bb _builder_version=\u00bb4.16&#8243; global_colors_info=\u00bb{}\u00bb button_text_size__hover_enabled=\u00bboff\u00bb button_one_text_size__hover_enabled=\u00bboff\u00bb button_two_text_size__hover_enabled=\u00bboff\u00bb button_text_color__hover_enabled=\u00bboff\u00bb button_one_text_color__hover_enabled=\u00bboff\u00bb button_two_text_color__hover_enabled=\u00bboff\u00bb button_border_width__hover_enabled=\u00bboff\u00bb button_one_border_width__hover_enabled=\u00bboff\u00bb button_two_border_width__hover_enabled=\u00bboff\u00bb button_border_color__hover_enabled=\u00bboff\u00bb button_one_border_color__hover_enabled=\u00bboff\u00bb button_two_border_color__hover_enabled=\u00bboff\u00bb button_border_radius__hover_enabled=\u00bboff\u00bb button_one_border_radius__hover_enabled=\u00bboff\u00bb button_two_border_radius__hover_enabled=\u00bboff\u00bb button_letter_spacing__hover_enabled=\u00bboff\u00bb button_one_letter_spacing__hover_enabled=\u00bboff\u00bb button_two_letter_spacing__hover_enabled=\u00bboff\u00bb button_bg_color__hover_enabled=\u00bboff\u00bb button_one_bg_color__hover_enabled=\u00bboff\u00bb button_two_bg_color__hover_enabled=\u00bboff\u00bb][\/et_pb_contact_field][et_pb_contact_field field_id=\u00bbMessage\u00bb field_title=\u00bbMensaje\u00bb field_type=\u00bbtext\u00bb fullwidth_field=\u00bbon\u00bb _builder_version=\u00bb4.16&#8243; global_colors_info=\u00bb{}\u00bb button_text_size__hover_enabled=\u00bboff\u00bb button_one_text_size__hover_enabled=\u00bboff\u00bb button_two_text_size__hover_enabled=\u00bboff\u00bb button_text_color__hover_enabled=\u00bboff\u00bb button_one_text_color__hover_enabled=\u00bboff\u00bb button_two_text_color__hover_enabled=\u00bboff\u00bb button_border_width__hover_enabled=\u00bboff\u00bb button_one_border_width__hover_enabled=\u00bboff\u00bb button_two_border_width__hover_enabled=\u00bboff\u00bb button_border_color__hover_enabled=\u00bboff\u00bb button_one_border_color__hover_enabled=\u00bboff\u00bb button_two_border_color__hover_enabled=\u00bboff\u00bb button_border_radius__hover_enabled=\u00bboff\u00bb button_one_border_radius__hover_enabled=\u00bboff\u00bb button_two_border_radius__hover_enabled=\u00bboff\u00bb button_letter_spacing__hover_enabled=\u00bboff\u00bb button_one_letter_spacing__hover_enabled=\u00bboff\u00bb button_two_letter_spacing__hover_enabled=\u00bboff\u00bb button_bg_color__hover_enabled=\u00bboff\u00bb button_one_bg_color__hover_enabled=\u00bboff\u00bb button_two_bg_color__hover_enabled=\u00bboff\u00bb][\/et_pb_contact_field][\/et_pb_contact_form][\/et_pb_column][\/et_pb_row][\/et_pb_section]","protected":false},"excerpt":{"rendered":"<p>Registra tu MarcaProtege tu Identidad Comercial El registro de tu marca es un paso esencial para proteger la identidad de tu negocio y asegurar su \u00e9xito a largo plazo. \u00bfPor Qu\u00e9 Registrar tu Marca? Registrar tu marca te otorga derechos exclusivos sobre su uso, evita la competencia desleal y fortalece tu posici\u00f3n en el mercado. [&hellip;]<\/p>","protected":false},"author":3,"featured_media":0,"parent":0,"menu_order":0,"comment_status":"closed","ping_status":"closed","template":"","meta":{"_et_pb_use_builder":"on","_et_pb_old_content":"<!-- wp:divi\/placeholder \/-->","_et_gb_content_width":"","footnotes":""},"class_list":["post-699","page","type-page","status-publish","hentry"],"yoast_head":"<!-- This site is optimized with the Yoast SEO plugin v23.6 - https:\/\/yoast.com\/wordpress\/plugins\/seo\/ -->\n<title>Registra tu Marca - Formulario - Landivar &amp; Landivar<\/title>\n<meta name=\"description\" content=\"prende todo sobre el registro de marcas y patentes en Bolivia. Conoce los pasos clave y obt\u00e9n asesoramiento experto.\" \/>\n<meta name=\"robots\" content=\"index, follow, max-snippet:-1, max-image-preview:large, max-video-preview:-1\" \/>\n<link rel=\"canonical\" href=\"https:\/\/landivar.com\/en_us\/registra-tu-marca-formulario\/\" \/>\n<meta property=\"og:locale\" content=\"en_US\" \/>\n<meta property=\"og:type\" content=\"article\" \/>\n<meta property=\"og:title\" content=\"Registra tu Marca - Formulario - Landivar &amp; Landivar\" \/>\n<meta property=\"og:description\" content=\"prende todo sobre el registro de marcas y patentes en Bolivia. Conoce los pasos clave y obt\u00e9n asesoramiento experto.\" \/>\n<meta property=\"og:url\" content=\"https:\/\/landivar.com\/en_us\/registra-tu-marca-formulario\/\" \/>\n<meta property=\"og:site_name\" content=\"Landivar &amp; Landivar\" \/>\n<meta property=\"article:publisher\" content=\"https:\/\/www.facebook.com\/landivarylandivar\" \/>\n<meta property=\"article:modified_time\" content=\"2024-07-17T19:03:27+00:00\" \/>\n<meta name=\"twitter:card\" content=\"summary_large_image\" \/>\n<meta name=\"twitter:site\" content=\"@landivarbolivia\" \/>\n<meta name=\"twitter:label1\" content=\"Est. reading time\" \/>\n\t<meta name=\"twitter:data1\" content=\"2 minutes\" \/>\n<script type=\"application\/ld+json\" class=\"yoast-schema-graph\">{\"@context\":\"https:\/\/schema.org\",\"@graph\":[{\"@type\":\"WebPage\",\"@id\":\"https:\/\/landivar.com\/registra-tu-marca-formulario\/\",\"url\":\"https:\/\/landivar.com\/registra-tu-marca-formulario\/\",\"name\":\"Registra tu Marca - Formulario - Landivar &amp; Landivar\",\"isPartOf\":{\"@id\":\"https:\/\/landivar.com\/#website\"},\"datePublished\":\"2021-11-26T08:00:47+00:00\",\"dateModified\":\"2024-07-17T19:03:27+00:00\",\"description\":\"prende todo sobre el registro de marcas y patentes en Bolivia. Conoce los pasos clave y obt\u00e9n asesoramiento experto.\",\"breadcrumb\":{\"@id\":\"https:\/\/landivar.com\/registra-tu-marca-formulario\/#breadcrumb\"},\"inLanguage\":\"en-US\",\"potentialAction\":[{\"@type\":\"ReadAction\",\"target\":[\"https:\/\/landivar.com\/registra-tu-marca-formulario\/\"]}]},{\"@type\":\"BreadcrumbList\",\"@id\":\"https:\/\/landivar.com\/registra-tu-marca-formulario\/#breadcrumb\",\"itemListElement\":[{\"@type\":\"ListItem\",\"position\":1,\"name\":\"Portada\",\"item\":\"https:\/\/landivar.com\/\"},{\"@type\":\"ListItem\",\"position\":2,\"name\":\"Registra tu Marca &#8211; Formulario\"}]},{\"@type\":\"WebSite\",\"@id\":\"https:\/\/landivar.com\/#website\",\"url\":\"https:\/\/landivar.com\/\",\"name\":\"Landivar & Landivar\",\"description\":\"Especialistas en Propiedad Intelectual\",\"publisher\":{\"@id\":\"https:\/\/landivar.com\/#organization\"},\"potentialAction\":[{\"@type\":\"SearchAction\",\"target\":{\"@type\":\"EntryPoint\",\"urlTemplate\":\"https:\/\/landivar.com\/?s={search_term_string}\"},\"query-input\":{\"@type\":\"PropertyValueSpecification\",\"valueRequired\":true,\"valueName\":\"search_term_string\"}}],\"inLanguage\":\"en-US\"},{\"@type\":\"Organization\",\"@id\":\"https:\/\/landivar.com\/#organization\",\"name\":\"Landivar & Landivar\",\"url\":\"https:\/\/landivar.com\/\",\"logo\":{\"@type\":\"ImageObject\",\"inLanguage\":\"en-US\",\"@id\":\"https:\/\/landivar.com\/#\/schema\/logo\/image\/\",\"url\":\"https:\/\/landivar.com\/wp-content\/uploads\/2024\/05\/229591489_4148599255254709_3636868293465010255_n.jpg\",\"contentUrl\":\"https:\/\/landivar.com\/wp-content\/uploads\/2024\/05\/229591489_4148599255254709_3636868293465010255_n.jpg\",\"width\":729,\"height\":726,\"caption\":\"Landivar & Landivar\"},\"image\":{\"@id\":\"https:\/\/landivar.com\/#\/schema\/logo\/image\/\"},\"sameAs\":[\"https:\/\/www.facebook.com\/landivarylandivar\",\"https:\/\/x.com\/landivarbolivia\",\"https:\/\/www.linkedin.com\/company\/74479672\/admin\/feed\/posts\/\"]}]}<\/script>\n<!-- \/ Yoast SEO plugin. -->","yoast_head_json":{"title":"Registra tu Marca - Formulario - Landivar &amp; Landivar","description":"prende todo sobre el registro de marcas y patentes en Bolivia. Conoce los pasos clave y obt\u00e9n asesoramiento experto.","robots":{"index":"index","follow":"follow","max-snippet":"max-snippet:-1","max-image-preview":"max-image-preview:large","max-video-preview":"max-video-preview:-1"},"canonical":"https:\/\/landivar.com\/en_us\/registra-tu-marca-formulario\/","og_locale":"en_US","og_type":"article","og_title":"Registra tu Marca - Formulario - Landivar &amp; Landivar","og_description":"prende todo sobre el registro de marcas y patentes en Bolivia. Conoce los pasos clave y obt\u00e9n asesoramiento experto.","og_url":"https:\/\/landivar.com\/en_us\/registra-tu-marca-formulario\/","og_site_name":"Landivar &amp; Landivar","article_publisher":"https:\/\/www.facebook.com\/landivarylandivar","article_modified_time":"2024-07-17T19:03:27+00:00","twitter_card":"summary_large_image","twitter_site":"@landivarbolivia","twitter_misc":{"Est. reading time":"2 minutes"},"schema":{"@context":"https:\/\/schema.org","@graph":[{"@type":"WebPage","@id":"https:\/\/landivar.com\/registra-tu-marca-formulario\/","url":"https:\/\/landivar.com\/registra-tu-marca-formulario\/","name":"Registra tu Marca - Formulario - Landivar &amp; Landivar","isPartOf":{"@id":"https:\/\/landivar.com\/#website"},"datePublished":"2021-11-26T08:00:47+00:00","dateModified":"2024-07-17T19:03:27+00:00","description":"prende todo sobre el registro de marcas y patentes en Bolivia. Conoce los pasos clave y obt\u00e9n asesoramiento experto.","breadcrumb":{"@id":"https:\/\/landivar.com\/registra-tu-marca-formulario\/#breadcrumb"},"inLanguage":"en-US","potentialAction":[{"@type":"ReadAction","target":["https:\/\/landivar.com\/registra-tu-marca-formulario\/"]}]},{"@type":"BreadcrumbList","@id":"https:\/\/landivar.com\/registra-tu-marca-formulario\/#breadcrumb","itemListElement":[{"@type":"ListItem","position":1,"name":"Portada","item":"https:\/\/landivar.com\/"},{"@type":"ListItem","position":2,"name":"Registra tu Marca &#8211; Formulario"}]},{"@type":"WebSite","@id":"https:\/\/landivar.com\/#website","url":"https:\/\/landivar.com\/","name":"Landivar & Landivar","description":"Especialistas en Propiedad Intelectual","publisher":{"@id":"https:\/\/landivar.com\/#organization"},"potentialAction":[{"@type":"SearchAction","target":{"@type":"EntryPoint","urlTemplate":"https:\/\/landivar.com\/?s={search_term_string}"},"query-input":{"@type":"PropertyValueSpecification","valueRequired":true,"valueName":"search_term_string"}}],"inLanguage":"en-US"},{"@type":"Organization","@id":"https:\/\/landivar.com\/#organization","name":"Landivar & Landivar","url":"https:\/\/landivar.com\/","logo":{"@type":"ImageObject","inLanguage":"en-US","@id":"https:\/\/landivar.com\/#\/schema\/logo\/image\/","url":"https:\/\/landivar.com\/wp-content\/uploads\/2024\/05\/229591489_4148599255254709_3636868293465010255_n.jpg","contentUrl":"https:\/\/landivar.com\/wp-content\/uploads\/2024\/05\/229591489_4148599255254709_3636868293465010255_n.jpg","width":729,"height":726,"caption":"Landivar & Landivar"},"image":{"@id":"https:\/\/landivar.com\/#\/schema\/logo\/image\/"},"sameAs":["https:\/\/www.facebook.com\/landivarylandivar","https:\/\/x.com\/landivarbolivia","https:\/\/www.linkedin.com\/company\/74479672\/admin\/feed\/posts\/"]}]}},"_links":{"self":[{"href":"https:\/\/landivar.com\/en_us\/wp-json\/wp\/v2\/pages\/699","targetHints":{"allow":["GET"]}}],"collection":[{"href":"https:\/\/landivar.com\/en_us\/wp-json\/wp\/v2\/pages"}],"about":[{"href":"https:\/\/landivar.com\/en_us\/wp-json\/wp\/v2\/types\/page"}],"author":[{"embeddable":true,"href":"https:\/\/landivar.com\/en_us\/wp-json\/wp\/v2\/users\/3"}],"replies":[{"embeddable":true,"href":"https:\/\/landivar.com\/en_us\/wp-json\/wp\/v2\/comments?post=699"}],"version-history":[{"count":16,"href":"https:\/\/landivar.com\/en_us\/wp-json\/wp\/v2\/pages\/699\/revisions"}],"predecessor-version":[{"id":52944,"href":"https:\/\/landivar.com\/en_us\/wp-json\/wp\/v2\/pages\/699\/revisions\/52944"}],"wp:attachment":[{"href":"https:\/\/landivar.com\/en_us\/wp-json\/wp\/v2\/media?parent=699"}],"curies":[{"name":"wp","href":"https:\/\/api.w.org\/{rel}","templated":true}]}}