{"id":8,"date":"2021-10-22T02:02:54","date_gmt":"2021-10-22T02:02:54","guid":{"rendered":"https:\/\/landivar.com\/?page_id=8"},"modified":"2026-03-10T19:43:06","modified_gmt":"2026-03-10T19:43:06","slug":"servicio-legal-empresas","status":"publish","type":"page","link":"https:\/\/landivar.com\/en_us\/","title":{"rendered":"Inicio"},"content":{"rendered":"<p>[et_pb_section fb_built=\u00bb1&#8243; specialty=\u00bbon\u00bb _builder_version=\u00bb4.24.0&#8243; _module_preset=\u00bbdefault\u00bb background_image=\u00bbhttps:\/\/landivar.com\/wp-content\/uploads\/2024\/10\/Diseno-sin-titulo-png.webp\u00bb custom_margin=\u00bb||-85px|||\u00bb animation_style=\u00bbfade\u00bb global_colors_info=\u00bb{}\u00bb][et_pb_column type=\u00bb1_2&#8243; specialty_columns=\u00bb2&#8243; _builder_version=\u00bb4.16&#8243; custom_padding=\u00bb|||\u00bb global_colors_info=\u00bb{}\u00bb custom_padding__hover=\u00bb|||\u00bb][et_pb_row_inner _builder_version=\u00bb4.24.0&#8243; _module_preset=\u00bbdefault\u00bb animation_style=\u00bbflip\u00bb global_colors_info=\u00bb{}\u00bb][et_pb_column_inner saved_specialty_column_type=\u00bb1_2&#8243; _builder_version=\u00bb4.24.0&#8243; _module_preset=\u00bbdefault\u00bb global_colors_info=\u00bb{}\u00bb][et_pb_heading title=\u00bbComprometidos con la Excelencia y Calidad en Asesoramiento Legal.\u00bb _builder_version=\u00bb4.24.0&#8243; _module_preset=\u00bbdefault\u00bb title_font=\u00bbB612|700|||||||\u00bb title_text_color=\u00bb#FFFFFF\u00bb title_text_shadow_style=\u00bbpreset3&#8243; global_colors_info=\u00bb{}\u00bb][\/et_pb_heading][\/et_pb_column_inner][\/et_pb_row_inner][et_pb_row_inner _builder_version=\u00bb4.24.0&#8243; _module_preset=\u00bbdefault\u00bb transform_translate=\u00bb-4px|-33px\u00bb animation_style=\u00bbflip\u00bb global_colors_info=\u00bb{}\u00bb][et_pb_column_inner saved_specialty_column_type=\u00bb1_2&#8243; _builder_version=\u00bb4.24.0&#8243; _module_preset=\u00bbdefault\u00bb global_colors_info=\u00bb{}\u00bb][et_pb_text _builder_version=\u00bb4.24.0&#8243; _module_preset=\u00bbdefault\u00bb text_font=\u00bbB612||||||||\u00bb text_text_color=\u00bb#FFFFFF\u00bb transform_translate=\u00bb1px|-9px\u00bb background_layout=\u00bbdark\u00bb text_text_shadow_style=\u00bbpreset3&#8243; text_text_shadow_blur_strength=\u00bb2em\u00bb global_colors_info=\u00bb{}\u00bb]<\/p>\n<p>En Land\u00edvar &amp; Land\u00edvar, con m\u00e1s de 64 a\u00f1os de experiencia, una trayectoria s\u00f3lida y un compromiso inquebrantable, trabajamos para proteger los derechos de nuestros clientes en un entorno legal en constante evoluci\u00f3n. Nuestro equipo de expertos se dedica a ofrecer soluciones innovadoras que se adaptan a las necesidades espec\u00edficas de cada caso.<\/p>\n<p>We are proud to be a strategic ally in the management of intellectual property, ensuring that every idea and creation is properly safeguarded. In addition, we foster an environment of collaboration and trust, where our clients feel supported and valued at every step of the legal process.<\/p>\n<p>[\/et_pb_text][\/et_pb_column_inner][\/et_pb_row_inner][\/et_pb_column][et_pb_column type=\u00bb1_2&#8243; _builder_version=\u00bb4.16&#8243; custom_padding=\u00bb|||\u00bb global_colors_info=\u00bb{}\u00bb custom_padding__hover=\u00bb|||\u00bb][et_pb_gallery gallery_ids=\u00bb53314&#8243; fullwidth=\u00bbon\u00bb _builder_version=\u00bb4.24.0&#8243; _module_preset=\u00bbdefault\u00bb background_color=\u00bbRGBA(255,255,255,0)\u00bb transform_scale=\u00bb126%|126%\u00bb transform_translate=\u00bb0px|26px\u00bb custom_margin=\u00bb-31px|0px|||false|false\u00bb custom_padding=\u00bb|||50px|false|false\u00bb animation_style=\u00bbflip\u00bb global_colors_info=\u00bb{}\u00bb][\/et_pb_gallery][\/et_pb_column][\/et_pb_section][et_pb_section fb_built=\u00bb1&#8243; _builder_version=\u00bb4.24.0&#8243; _module_preset=\u00bbdefault\u00bb background_color=\u00bb#439a84&#8243; background_image=\u00bbhttps:\/\/landivar.com\/wp-content\/uploads\/2024\/10\/FONDO-1-png.webp\u00bb min_height=\u00bb50px\u00bb custom_margin=\u00bb81px||38px|||\u00bb custom_padding=\u00bb11px||0px|||\u00bb animation_style=\u00bbfade\u00bb box_shadow_style=\u00bbpreset1&#8243; global_colors_info=\u00bb{}\u00bb][et_pb_row column_structure=\u00bb1_3,1_3,1_3&#8243; _builder_version=\u00bb4.24.0&#8243; _module_preset=\u00bbdefault\u00bb background_color=\u00bbRGBA(255,255,255,0)\u00bb transform_scale=\u00bb76%|76%\u00bb transform_translate=\u00bb-8px|-34px\u00bb custom_margin=\u00bb45px|auto||auto||\u00bb global_colors_info=\u00bb{}\u00bb][et_pb_column type=\u00bb1_3&#8243; _builder_version=\u00bb4.24.0&#8243; _module_preset=\u00bbdefault\u00bb global_colors_info=\u00bb{}\u00bb][et_pb_number_counter title=\u00bbMARCAS\u00bb number=\u00bb+15000&#8243; percent_sign=\u00bboff\u00bb _builder_version=\u00bb4.24.0&#8243; _module_preset=\u00bbdefault\u00bb title_font=\u00bbB612|700|||||||\u00bb title_text_color=\u00bb#FFFFFF\u00bb number_font=\u00bbB612|700|||||||\u00bb number_text_color=\u00bb#FFFFFF\u00bb background_color=\u00bbRGBA(255,255,255,0)\u00bb hover_enabled=\u00bb0&#8243; title_text_shadow_style=\u00bbpreset3&#8243; number_text_shadow_style=\u00bbpreset3&#8243; global_colors_info=\u00bb{}\u00bb sticky_enabled=\u00bb0&#8243;][\/et_pb_number_counter][\/et_pb_column][et_pb_column type=\u00bb1_3&#8243; _builder_version=\u00bb4.24.0&#8243; _module_preset=\u00bbdefault\u00bb global_colors_info=\u00bb{}\u00bb][et_pb_number_counter title=\u00bbPATENTES\u00bb number=\u00bb+2000&#8243; percent_sign=\u00bboff\u00bb _builder_version=\u00bb4.24.0&#8243; _module_preset=\u00bbdefault\u00bb title_font=\u00bbB612|700|||||||\u00bb title_text_color=\u00bb#FFFFFF\u00bb number_font=\u00bbB612|700|||||||\u00bb number_text_color=\u00bb#FFFFFF\u00bb title_text_shadow_style=\u00bbpreset3&#8243; number_text_shadow_style=\u00bbpreset3&#8243; global_colors_info=\u00bb{}\u00bb][\/et_pb_number_counter][\/et_pb_column][et_pb_column type=\u00bb1_3&#8243; _builder_version=\u00bb4.24.0&#8243; _module_preset=\u00bbdefault\u00bb global_colors_info=\u00bb{}\u00bb][et_pb_number_counter title=\u00bbSATISFACCI\u00d3N DEL CLIENTE\u00bb number=\u00bb97&#8243; _builder_version=\u00bb4.24.0&#8243; _module_preset=\u00bbdefault\u00bb title_font=\u00bbB612|700|||||||\u00bb title_text_color=\u00bb#FFFFFF\u00bb number_font=\u00bbB612|700|||||||\u00bb number_text_color=\u00bb#FFFFFF\u00bb title_text_shadow_style=\u00bbpreset3&#8243; number_text_shadow_style=\u00bbpreset3&#8243; global_colors_info=\u00bb{}\u00bb][\/et_pb_number_counter][\/et_pb_column][\/et_pb_row][\/et_pb_section][et_pb_section fb_built=\u00bb1&#8243; _builder_version=\u00bb4.24.0&#8243; _module_preset=\u00bbdefault\u00bb min_height=\u00bb175.4px\u00bb custom_margin=\u00bb-53px|||||\u00bb custom_padding=\u00bb0px||0px|||\u00bb global_colors_info=\u00bb{}\u00bb][et_pb_row column_structure=\u00bb1_3,1_3,1_3&#8243; _builder_version=\u00bb4.24.0&#8243; _module_preset=\u00bbdefault\u00bb transform_scale=\u00bb92%|92%\u00bb transform_translate=\u00bb-4px|24px\u00bb min_height=\u00bb331.4px\u00bb custom_padding=\u00bb||0px|||\u00bb animation_style=\u00bbflip\u00bb global_colors_info=\u00bb{}\u00bb][et_pb_column type=\u00bb1_3&#8243; _builder_version=\u00bb4.24.0&#8243; _module_preset=\u00bbdefault\u00bb global_colors_info=\u00bb{}\u00bb][et_pb_gallery gallery_ids=\u00bb52779&#8243; fullwidth=\u00bbon\u00bb _builder_version=\u00bb4.24.0&#8243; _module_preset=\u00bbdefault\u00bb transform_scale=\u00bb48%|48%\u00bb transform_translate=\u00bb0px|-105px\u00bb global_colors_info=\u00bb{}\u00bb][\/et_pb_gallery][\/et_pb_column][et_pb_column type=\u00bb1_3&#8243; _builder_version=\u00bb4.24.0&#8243; _module_preset=\u00bbdefault\u00bb global_colors_info=\u00bb{}\u00bb][et_pb_gallery gallery_ids=\u00bb52778&#8243; fullwidth=\u00bbon\u00bb _builder_version=\u00bb4.24.0&#8243; _module_preset=\u00bbdefault\u00bb transform_scale=\u00bb66%|66%\u00bb transform_translate=\u00bb-4px|-1px\u00bb animation_style=\u00bbflip\u00bb global_colors_info=\u00bb{}\u00bb][\/et_pb_gallery][\/et_pb_column][et_pb_column type=\u00bb1_3&#8243; _builder_version=\u00bb4.24.0&#8243; _module_preset=\u00bbdefault\u00bb global_colors_info=\u00bb{}\u00bb][et_pb_gallery gallery_ids=\u00bb52777&#8243; fullwidth=\u00bbon\u00bb _builder_version=\u00bb4.24.0&#8243; _module_preset=\u00bbdefault\u00bb transform_scale=\u00bb50%|50%\u00bb transform_translate=\u00bb-4px|-102px\u00bb animation_style=\u00bbflip\u00bb global_colors_info=\u00bb{}\u00bb][\/et_pb_gallery][\/et_pb_column][\/et_pb_row][\/et_pb_section]<\/p>","protected":false},"excerpt":{"rendered":"<p>En Land\u00edvar &amp; Land\u00edvar, con m\u00e1s de 64 a\u00f1os de experiencia, una trayectoria s\u00f3lida y un compromiso inquebrantable, trabajamos para proteger los derechos de nuestros clientes en un entorno legal en constante evoluci\u00f3n. Nuestro equipo de expertos se dedica a ofrecer soluciones innovadoras que se adaptan a las necesidades espec\u00edficas de cada caso. Nos enorgullece [&hellip;]<\/p>","protected":false},"author":3,"featured_media":68,"parent":0,"menu_order":0,"comment_status":"closed","ping_status":"closed","template":"","meta":{"_et_pb_use_builder":"on","_et_pb_old_content":"","_et_gb_content_width":"","footnotes":""},"class_list":["post-8","page","type-page","status-publish","has-post-thumbnail","hentry"],"yoast_head":"<!-- This site is optimized with the Yoast SEO plugin v23.6 - https:\/\/yoast.com\/wordpress\/plugins\/seo\/ -->\n<title>Inicio - Landivar &amp; Landivar<\/title>\n<meta name=\"description\" content=\"Asesoramiento legal especializado en temas de Propiedad Intelectual y Derecho Corporativo hace m\u00e1s de 60 a\u00f1os de experiencia con los que nuestra firma cuenta. Protege y fortalece tu negocio con nuestros expertos. \u00a1Cont\u00e1ctenos hoy para una consulta profesional!\" \/>\n<meta name=\"robots\" content=\"index, follow, max-snippet:-1, max-image-preview:large, max-video-preview:-1\" \/>\n<link rel=\"canonical\" href=\"https:\/\/landivar.com\/en_us\/\" \/>\n<meta property=\"og:locale\" content=\"en_US\" \/>\n<meta property=\"og:type\" content=\"article\" \/>\n<meta property=\"og:title\" content=\"Inicio - Landivar &amp; Landivar\" \/>\n<meta property=\"og:description\" content=\"Asesoramiento legal especializado en temas de Propiedad Intelectual y Derecho Corporativo hace m\u00e1s de 60 a\u00f1os de experiencia con los que nuestra firma cuenta. Protege y fortalece tu negocio con nuestros expertos. \u00a1Cont\u00e1ctenos hoy para una consulta profesional!\" \/>\n<meta property=\"og:url\" content=\"https:\/\/landivar.com\/en_us\/\" \/>\n<meta property=\"og:site_name\" content=\"Landivar &amp; Landivar\" \/>\n<meta property=\"article:publisher\" content=\"https:\/\/www.facebook.com\/landivarylandivar\" \/>\n<meta property=\"article:modified_time\" content=\"2026-03-10T19:43:06+00:00\" \/>\n<meta property=\"og:image\" content=\"https:\/\/landivar.com\/wp-content\/uploads\/2021\/11\/Logoalpha.png\" \/>\n\t<meta property=\"og:image:width\" content=\"382\" \/>\n\t<meta property=\"og:image:height\" content=\"215\" \/>\n\t<meta property=\"og:image:type\" content=\"image\/png\" \/>\n<meta name=\"twitter:card\" content=\"summary_large_image\" \/>\n<meta name=\"twitter:site\" content=\"@landivarbolivia\" \/>\n<meta name=\"twitter:label1\" content=\"Est. reading time\" \/>\n\t<meta name=\"twitter:data1\" content=\"1 minute\" \/>\n<script type=\"application\/ld+json\" class=\"yoast-schema-graph\">{\"@context\":\"https:\/\/schema.org\",\"@graph\":[{\"@type\":\"WebPage\",\"@id\":\"https:\/\/landivar.com\/\",\"url\":\"https:\/\/landivar.com\/\",\"name\":\"Inicio - Landivar &amp; Landivar\",\"isPartOf\":{\"@id\":\"https:\/\/landivar.com\/#website\"},\"primaryImageOfPage\":{\"@id\":\"https:\/\/landivar.com\/#primaryimage\"},\"image\":{\"@id\":\"https:\/\/landivar.com\/#primaryimage\"},\"thumbnailUrl\":\"https:\/\/landivar.com\/wp-content\/uploads\/2021\/11\/Logoalpha.png\",\"datePublished\":\"2021-10-22T02:02:54+00:00\",\"dateModified\":\"2026-03-10T19:43:06+00:00\",\"description\":\"Asesoramiento legal especializado en temas de Propiedad Intelectual y Derecho Corporativo hace m\u00e1s de 60 a\u00f1os de experiencia con los que nuestra firma cuenta. Protege y fortalece tu negocio con nuestros expertos. \u00a1Cont\u00e1ctenos hoy para una consulta profesional!\",\"breadcrumb\":{\"@id\":\"https:\/\/landivar.com\/#breadcrumb\"},\"inLanguage\":\"en-US\",\"potentialAction\":[{\"@type\":\"ReadAction\",\"target\":[\"https:\/\/landivar.com\/\"]}]},{\"@type\":\"ImageObject\",\"inLanguage\":\"en-US\",\"@id\":\"https:\/\/landivar.com\/#primaryimage\",\"url\":\"https:\/\/landivar.com\/wp-content\/uploads\/2021\/11\/Logoalpha.png\",\"contentUrl\":\"https:\/\/landivar.com\/wp-content\/uploads\/2021\/11\/Logoalpha.png\",\"width\":382,\"height\":215},{\"@type\":\"BreadcrumbList\",\"@id\":\"https:\/\/landivar.com\/#breadcrumb\",\"itemListElement\":[{\"@type\":\"ListItem\",\"position\":1,\"name\":\"Portada\",\"item\":\"https:\/\/landivar.com\/\"},{\"@type\":\"ListItem\",\"position\":2,\"name\":\"Inicio\"}]},{\"@type\":\"WebSite\",\"@id\":\"https:\/\/landivar.com\/#website\",\"url\":\"https:\/\/landivar.com\/\",\"name\":\"Landivar & Landivar\",\"description\":\"Especialistas en Propiedad Intelectual\",\"publisher\":{\"@id\":\"https:\/\/landivar.com\/#organization\"},\"potentialAction\":[{\"@type\":\"SearchAction\",\"target\":{\"@type\":\"EntryPoint\",\"urlTemplate\":\"https:\/\/landivar.com\/?s={search_term_string}\"},\"query-input\":{\"@type\":\"PropertyValueSpecification\",\"valueRequired\":true,\"valueName\":\"search_term_string\"}}],\"inLanguage\":\"en-US\"},{\"@type\":\"Organization\",\"@id\":\"https:\/\/landivar.com\/#organization\",\"name\":\"Landivar & Landivar\",\"url\":\"https:\/\/landivar.com\/\",\"logo\":{\"@type\":\"ImageObject\",\"inLanguage\":\"en-US\",\"@id\":\"https:\/\/landivar.com\/#\/schema\/logo\/image\/\",\"url\":\"https:\/\/landivar.com\/wp-content\/uploads\/2024\/05\/229591489_4148599255254709_3636868293465010255_n.jpg\",\"contentUrl\":\"https:\/\/landivar.com\/wp-content\/uploads\/2024\/05\/229591489_4148599255254709_3636868293465010255_n.jpg\",\"width\":729,\"height\":726,\"caption\":\"Landivar & Landivar\"},\"image\":{\"@id\":\"https:\/\/landivar.com\/#\/schema\/logo\/image\/\"},\"sameAs\":[\"https:\/\/www.facebook.com\/landivarylandivar\",\"https:\/\/x.com\/landivarbolivia\",\"https:\/\/www.linkedin.com\/company\/74479672\/admin\/feed\/posts\/\"]}]}<\/script>\n<!-- \/ Yoast SEO plugin. -->","yoast_head_json":{"title":"Inicio - Landivar &amp; Landivar","description":"Asesoramiento legal especializado en temas de Propiedad Intelectual y Derecho Corporativo hace m\u00e1s de 60 a\u00f1os de experiencia con los que nuestra firma cuenta. Protege y fortalece tu negocio con nuestros expertos. \u00a1Cont\u00e1ctenos hoy para una consulta profesional!","robots":{"index":"index","follow":"follow","max-snippet":"max-snippet:-1","max-image-preview":"max-image-preview:large","max-video-preview":"max-video-preview:-1"},"canonical":"https:\/\/landivar.com\/en_us\/","og_locale":"en_US","og_type":"article","og_title":"Inicio - Landivar &amp; Landivar","og_description":"Asesoramiento legal especializado en temas de Propiedad Intelectual y Derecho Corporativo hace m\u00e1s de 60 a\u00f1os de experiencia con los que nuestra firma cuenta. Protege y fortalece tu negocio con nuestros expertos. \u00a1Cont\u00e1ctenos hoy para una consulta profesional!","og_url":"https:\/\/landivar.com\/en_us\/","og_site_name":"Landivar &amp; Landivar","article_publisher":"https:\/\/www.facebook.com\/landivarylandivar","article_modified_time":"2026-03-10T19:43:06+00:00","og_image":[{"width":382,"height":215,"url":"https:\/\/landivar.com\/wp-content\/uploads\/2021\/11\/Logoalpha.png","type":"image\/png"}],"twitter_card":"summary_large_image","twitter_site":"@landivarbolivia","twitter_misc":{"Est. reading time":"1 minute"},"schema":{"@context":"https:\/\/schema.org","@graph":[{"@type":"WebPage","@id":"https:\/\/landivar.com\/","url":"https:\/\/landivar.com\/","name":"Inicio - Landivar &amp; Landivar","isPartOf":{"@id":"https:\/\/landivar.com\/#website"},"primaryImageOfPage":{"@id":"https:\/\/landivar.com\/#primaryimage"},"image":{"@id":"https:\/\/landivar.com\/#primaryimage"},"thumbnailUrl":"https:\/\/landivar.com\/wp-content\/uploads\/2021\/11\/Logoalpha.png","datePublished":"2021-10-22T02:02:54+00:00","dateModified":"2026-03-10T19:43:06+00:00","description":"Asesoramiento legal especializado en temas de Propiedad Intelectual y Derecho Corporativo hace m\u00e1s de 60 a\u00f1os de experiencia con los que nuestra firma cuenta. Protege y fortalece tu negocio con nuestros expertos. \u00a1Cont\u00e1ctenos hoy para una consulta profesional!","breadcrumb":{"@id":"https:\/\/landivar.com\/#breadcrumb"},"inLanguage":"en-US","potentialAction":[{"@type":"ReadAction","target":["https:\/\/landivar.com\/"]}]},{"@type":"ImageObject","inLanguage":"en-US","@id":"https:\/\/landivar.com\/#primaryimage","url":"https:\/\/landivar.com\/wp-content\/uploads\/2021\/11\/Logoalpha.png","contentUrl":"https:\/\/landivar.com\/wp-content\/uploads\/2021\/11\/Logoalpha.png","width":382,"height":215},{"@type":"BreadcrumbList","@id":"https:\/\/landivar.com\/#breadcrumb","itemListElement":[{"@type":"ListItem","position":1,"name":"Portada","item":"https:\/\/landivar.com\/"},{"@type":"ListItem","position":2,"name":"Inicio"}]},{"@type":"WebSite","@id":"https:\/\/landivar.com\/#website","url":"https:\/\/landivar.com\/","name":"Landivar & Landivar","description":"Especialistas en Propiedad Intelectual","publisher":{"@id":"https:\/\/landivar.com\/#organization"},"potentialAction":[{"@type":"SearchAction","target":{"@type":"EntryPoint","urlTemplate":"https:\/\/landivar.com\/?s={search_term_string}"},"query-input":{"@type":"PropertyValueSpecification","valueRequired":true,"valueName":"search_term_string"}}],"inLanguage":"en-US"},{"@type":"Organization","@id":"https:\/\/landivar.com\/#organization","name":"Landivar & Landivar","url":"https:\/\/landivar.com\/","logo":{"@type":"ImageObject","inLanguage":"en-US","@id":"https:\/\/landivar.com\/#\/schema\/logo\/image\/","url":"https:\/\/landivar.com\/wp-content\/uploads\/2024\/05\/229591489_4148599255254709_3636868293465010255_n.jpg","contentUrl":"https:\/\/landivar.com\/wp-content\/uploads\/2024\/05\/229591489_4148599255254709_3636868293465010255_n.jpg","width":729,"height":726,"caption":"Landivar & Landivar"},"image":{"@id":"https:\/\/landivar.com\/#\/schema\/logo\/image\/"},"sameAs":["https:\/\/www.facebook.com\/landivarylandivar","https:\/\/x.com\/landivarbolivia","https:\/\/www.linkedin.com\/company\/74479672\/admin\/feed\/posts\/"]}]}},"_links":{"self":[{"href":"https:\/\/landivar.com\/en_us\/wp-json\/wp\/v2\/pages\/8","targetHints":{"allow":["GET"]}}],"collection":[{"href":"https:\/\/landivar.com\/en_us\/wp-json\/wp\/v2\/pages"}],"about":[{"href":"https:\/\/landivar.com\/en_us\/wp-json\/wp\/v2\/types\/page"}],"author":[{"embeddable":true,"href":"https:\/\/landivar.com\/en_us\/wp-json\/wp\/v2\/users\/3"}],"replies":[{"embeddable":true,"href":"https:\/\/landivar.com\/en_us\/wp-json\/wp\/v2\/comments?post=8"}],"version-history":[{"count":91,"href":"https:\/\/landivar.com\/en_us\/wp-json\/wp\/v2\/pages\/8\/revisions"}],"predecessor-version":[{"id":53497,"href":"https:\/\/landivar.com\/en_us\/wp-json\/wp\/v2\/pages\/8\/revisions\/53497"}],"wp:featuredmedia":[{"embeddable":true,"href":"https:\/\/landivar.com\/en_us\/wp-json\/wp\/v2\/media\/68"}],"wp:attachment":[{"href":"https:\/\/landivar.com\/en_us\/wp-json\/wp\/v2\/media?parent=8"}],"curies":[{"name":"wp","href":"https:\/\/api.w.org\/{rel}","templated":true}]}}